{"id":1905,"date":"2018-12-25T01:45:01","date_gmt":"2018-12-25T01:45:01","guid":{"rendered":"https:\/\/demo.casethemes.net\/lawsight\/?page_id=3"},"modified":"2021-08-27T08:44:15","modified_gmt":"2021-08-27T08:44:15","slug":"politica-cookie-uri","status":"publish","type":"page","link":"https:\/\/craznic.ro\/en\/politica-cookie-uri\/","title":{"rendered":"Cookie policy"},"content":{"rendered":"<p style=\"text-align: justify;\">Noi Societatea Civil\u0103 Profesional\u0103 de Avoca\u021bi CR\u00c2ZNIC \u0218I ASOCIA\u021aII (Cr\u00e2znic) folosim acest site pentru a v\u0103 prezenta capacit\u0103\u021bile noastre \u0219i pentru a v\u0103 oferi un canal facil de a intra \u00een leg\u0103tura cu noi. Pe site-ul nostru folosim cookie-uri pentru a \u00eembun\u0103t\u0103\u021bii interac\u021biunea cu dumneavoastr\u0103 dar \u0219i pentru a v\u0103 proteja.<\/p>\n<p style=\"text-align: justify;\">Fi\u0219ierele cookie sunt fi\u0219iere de tip text utilizate pentru a stoca informa\u021bii pe dispozitiv de pe care v\u0103 conecta\u021bi la site-ul nostru. Acestea sunt utilizate de multe site-uri web pentru a stoca \u0219i a primi identificatori \u0219i alte informa\u021bii despre dispozitive, cum ar fi un telefon mobil sau un computer. Site-ul web Cr\u00e2znic utilizeaz\u0103 cookie-uri \u0219i pentru a v\u0103 oferi un serviciu mai bun \u0219i pentru a \u00eembun\u0103t\u0103\u021bi \u00een general site-ul nostru. Site-ul nostru utilizeaz\u0103 cookie-uri diferite pentru a v\u0103 asigura func\u021bionalitatea sau serviciile noastre. Mai jos sunt prezentate mai multe detalii despre motivul pentru care le folosim \u0219i c\u00e2t timp vor dura. \u201eSf\u00e2r\u0219itul sesiunii\u201d \u00eenseamn\u0103 c\u0103 cookie-ul este temporar \u0219i va fi eliminat c\u00e2nd \u00eenchide\u021bi browserul.<\/p>\n<p>&nbsp;<\/p>\n<h2>Cookie pentru consim\u021b\u0103m\u00e2nt<\/h2>\n<p style=\"text-align: justify;\">C\u00e2nd a\u021bi vizitat pentru prima dat\u0103 site-ul nostru, a\u021bi primit un mesaj de tip pop-up care ofer\u0103 informa\u021bii succinte despre utilizarea cookie-urilor. Odat\u0103 acceptat acest mesaj, un cookie (cookieconsent_status) va fi stocat pe dispozitiv timp de 12 luni. Aceasta ne va anun\u021ba c\u0103 a\u021bi v\u0103zut mesajul \u0219i va preveni reafi\u0219area acestuia la acces\u0103ri ulterioare.<\/p>\n<p>&nbsp;<\/p>\n<h2>Cookie-uri pentru servicii de g\u0103zduire<\/h2>\n<p style=\"text-align: justify;\">Site-ul nostru este realizat pe platforma WordPress. Ca parte a acestor servicii, WordPress ofer\u0103 un plugin de securitate (Wordfence Security) care protejeaz\u0103 site-ul nostru de atacuri \u0219i adaug\u0103 func\u021bionalit\u0103\u021bi. Vede\u021bi mai jos detalii despre cookie-urile WorPress.<\/p>\n<table>\n<tbody>\n<tr>\n<th><strong>Nume Cookie<\/strong><\/th>\n<th><strong>Data de expirare<\/strong><\/th>\n<th><strong>Descriere<\/strong><\/th>\n<\/tr>\n<tr>\n<td>pll_language<\/td>\n<td>1 an<\/td>\n<td>Re\u021bine ultima limb\u0103 selectat\u0103.<\/td>\n<\/tr>\n<tr>\n<td>wfvt_<\/td>\n<td>1 or\u0103<\/td>\n<td>Cookie implementat de Wordfence Security (plugin WordPress) ce re\u021bine informa\u021bii despre aria geografic\u0103 general\u0103.<\/td>\n<\/tr>\n<tr>\n<td>wordfence_verifiedHuman<\/td>\n<td>1 zi<\/td>\n<td>Cookie implementat de Wordfence Security (plugin WordPress) pentru a proteja site-ul nostru \u00eempotriva atacurilor.<\/td>\n<\/tr>\n<\/tbody>\n<\/table>\n<p>&nbsp;<\/p>\n<h2>Cookie-uri pentru Google Analytics<\/h2>\n<p style=\"text-align: justify;\">Utiliz\u0103m Google Analytics pentru a evalua utilizarea site-ului nostru. Google Analytics p\u0103streaz\u0103 informa\u021bii despre paginile pe care le accesa\u021bi, despre timpul petrecut pe site, despre modul \u00een care a\u021bi ajuns aici \u0219i despre articolele pe care le-a\u021bi accesat. Nu colect\u0103m \u0219i nu stoc\u0103m date personale (de exemplu, numele sau adresa dvs.), astfel \u00eenc\u00e2t aceste informa\u021bii nu pot fi folosite pentru a v\u0103 identifica. Cookie-urile Google Analytics utilizate pe site-ul nostru sunt:<\/p>\n<table>\n<tbody>\n<tr>\n<th><strong>Nume Cookie<\/strong><\/th>\n<th><strong>Data de expirare<\/strong><\/th>\n<th><strong>Descriere<\/strong><\/th>\n<\/tr>\n<tr>\n<td>_ga<\/td>\n<td>2 ani<\/td>\n<td>Folosit pentru a v\u0103 distinge ca vizitator pe site-ul nostru.<\/td>\n<\/tr>\n<tr>\n<td>_gid<\/td>\n<td>24 ore<\/td>\n<td>Folosit pentru a v\u0103 distinge ca vizitator pe site-ul nostru.<\/td>\n<\/tr>\n<tr>\n<td>_gat<\/td>\n<td>1 minut<\/td>\n<td>Folosit pentru a calcula rata de solicitare a site-ului nostru.<\/td>\n<\/tr>\n<\/tbody>\n<\/table>\n<p style=\"text-align: justify;\">Pute\u021bi alege s\u0103 renun\u021ba\u021bi la cookie-urile Google Analytics vizit\u00e2nd site-ul\u00a0<a href=\"https:\/\/tools.google.com\/dlpage\/gaoptout\" target=\"_blank\" rel=\"noopener\">https:\/\/tools.google.com\/dlpage\/gaoptout<\/a>.<\/p>\n<p>&nbsp;<\/p>\n<h2>\u0218tergerea sau blocarea cookie-urilor<\/h2>\n<p style=\"text-align: justify;\">\u00cen general, browsere web v\u0103 permit s\u0103 salva\u021bi cookie-urile pe terminal \u00een mod standard. Aceste set\u0103ri pot fi modificate astfel \u00eenc\u00e2t salvarea automat\u0103 a cookie-urilor s\u0103 fie blocat\u0103 de browser-ul web sau pute\u021bi fi informat ori de c\u00e2te ori cookie-urile sunt trimise la terminalul dumneavoastr\u0103. Informa\u021bii detaliate despre posibilit\u0103\u021bile \u0219i modalit\u0103\u021bile de gestionare a modulelor cookie pot fi g\u0103site \u00een zona de set\u0103ri a browser-ului web. Restric\u021bionarea utiliz\u0103rii modulelor cookie poate afecta anumite func\u021bii ale site-ului nostru web.<\/p>\n<p style=\"text-align: justify;\">Mai multe detalii legate de prelucrarea datelor cu caracter personal pot fi ob\u021binute de la\u00a0<a href=\"https:\/\/craznic.ro\/en\/cookie-policy\/privacy-policy\/\">Politica noastr\u0103 de confiden\u021bialitate<\/a>\u00a0sau contact\u00e2ndu-ne la adresa\u00a0<a href=\"mailto:office@craznic.ro\">office@craznic.ro<\/a>.<\/p>","protected":false},"excerpt":{"rendered":"<p>Noi Societatea Civil\u0103 Profesional\u0103 de Avoca\u021bi CR\u00c2ZNIC \u0218I ASOCIA\u021aII (Cr\u00e2znic) folosim acest site pentru a v\u0103 prezenta capacit\u0103\u021bile noastre \u0219i pentru a v\u0103 oferi un canal facil de a intra \u00een leg\u0103tura cu noi. Pe site-ul nostru folosim cookie-uri pentru a \u00eembun\u0103t\u0103\u021bii interac\u021biunea cu dumneavoastr\u0103 dar \u0219i pentru a v\u0103 proteja. Fi\u0219ierele cookie sunt fi\u0219iere [&hellip;]<\/p>\n","protected":false},"author":4,"featured_media":0,"parent":0,"menu_order":48,"comment_status":"closed","ping_status":"open","template":"","meta":{"footnotes":""},"class_list":["post-1905","page","type-page","status-publish","hentry"],"yoast_head":"<!-- This site is optimized with the Yoast SEO plugin v27.5 - https:\/\/yoast.com\/product\/yoast-seo-wordpress\/ -->\n<title>Politica de Cookie-uri - Craznic<\/title>\n<meta name=\"robots\" content=\"index, follow, max-snippet:-1, max-image-preview:large, max-video-preview:-1\" \/>\n<link rel=\"canonical\" href=\"https:\/\/craznic.ro\/en\/politica-cookie-uri\/\" \/>\n<meta property=\"og:locale\" content=\"en_US\" \/>\n<meta property=\"og:type\" content=\"article\" \/>\n<meta property=\"og:title\" content=\"Politica de Cookie-uri - Craznic\" \/>\n<meta property=\"og:description\" content=\"Noi Societatea Civil\u0103 Profesional\u0103 de Avoca\u021bi CR\u00c2ZNIC \u0218I ASOCIA\u021aII (Cr\u00e2znic) folosim acest site pentru a v\u0103 prezenta capacit\u0103\u021bile noastre \u0219i pentru a v\u0103 oferi un canal facil de a intra \u00een leg\u0103tura cu noi. Pe site-ul nostru folosim cookie-uri pentru a \u00eembun\u0103t\u0103\u021bii interac\u021biunea cu dumneavoastr\u0103 dar \u0219i pentru a v\u0103 proteja. Fi\u0219ierele cookie sunt fi\u0219iere [&hellip;]\" \/>\n<meta property=\"og:url\" content=\"https:\/\/craznic.ro\/en\/politica-cookie-uri\/\" \/>\n<meta property=\"og:site_name\" content=\"Craznic\" \/>\n<meta property=\"article:modified_time\" content=\"2021-08-27T08:44:15+00:00\" \/>\n<meta name=\"twitter:card\" content=\"summary_large_image\" \/>\n<meta name=\"twitter:label1\" content=\"Est. reading time\" \/>\n\t<meta name=\"twitter:data1\" content=\"3 minutes\" \/>\n<script type=\"application\/ld+json\" class=\"yoast-schema-graph\">{\"@context\":\"https:\\\/\\\/schema.org\",\"@graph\":[{\"@type\":\"WebPage\",\"@id\":\"https:\\\/\\\/craznic.ro\\\/politica-cookie-uri\\\/\",\"url\":\"https:\\\/\\\/craznic.ro\\\/politica-cookie-uri\\\/\",\"name\":\"Politica de Cookie-uri - Craznic\",\"isPartOf\":{\"@id\":\"https:\\\/\\\/craznic.ro\\\/#website\"},\"datePublished\":\"2018-12-25T01:45:01+00:00\",\"dateModified\":\"2021-08-27T08:44:15+00:00\",\"breadcrumb\":{\"@id\":\"https:\\\/\\\/craznic.ro\\\/politica-cookie-uri\\\/#breadcrumb\"},\"inLanguage\":\"en-US\",\"potentialAction\":[{\"@type\":\"ReadAction\",\"target\":[\"https:\\\/\\\/craznic.ro\\\/politica-cookie-uri\\\/\"]}]},{\"@type\":\"BreadcrumbList\",\"@id\":\"https:\\\/\\\/craznic.ro\\\/politica-cookie-uri\\\/#breadcrumb\",\"itemListElement\":[{\"@type\":\"ListItem\",\"position\":1,\"name\":\"Home\",\"item\":\"https:\\\/\\\/craznic.ro\\\/\"},{\"@type\":\"ListItem\",\"position\":2,\"name\":\"Politica de Cookie-uri\"}]},{\"@type\":\"WebSite\",\"@id\":\"https:\\\/\\\/craznic.ro\\\/#website\",\"url\":\"https:\\\/\\\/craznic.ro\\\/\",\"name\":\"SCPA Cr\u00e2znic \u0219i Asocia\u021bii\",\"description\":\"Loialitate \u0219i Profesionalism\",\"potentialAction\":[{\"@type\":\"SearchAction\",\"target\":{\"@type\":\"EntryPoint\",\"urlTemplate\":\"https:\\\/\\\/craznic.ro\\\/?s={search_term_string}\"},\"query-input\":{\"@type\":\"PropertyValueSpecification\",\"valueRequired\":true,\"valueName\":\"search_term_string\"}}],\"inLanguage\":\"en-US\"}]}<\/script>\n<!-- \/ Yoast SEO plugin. -->","yoast_head_json":{"title":"Politica de Cookie-uri - Craznic","robots":{"index":"index","follow":"follow","max-snippet":"max-snippet:-1","max-image-preview":"max-image-preview:large","max-video-preview":"max-video-preview:-1"},"canonical":"https:\/\/craznic.ro\/en\/politica-cookie-uri\/","og_locale":"en_US","og_type":"article","og_title":"Politica de Cookie-uri - Craznic","og_description":"Noi Societatea Civil\u0103 Profesional\u0103 de Avoca\u021bi CR\u00c2ZNIC \u0218I ASOCIA\u021aII (Cr\u00e2znic) folosim acest site pentru a v\u0103 prezenta capacit\u0103\u021bile noastre \u0219i pentru a v\u0103 oferi un canal facil de a intra \u00een leg\u0103tura cu noi. Pe site-ul nostru folosim cookie-uri pentru a \u00eembun\u0103t\u0103\u021bii interac\u021biunea cu dumneavoastr\u0103 dar \u0219i pentru a v\u0103 proteja. Fi\u0219ierele cookie sunt fi\u0219iere [&hellip;]","og_url":"https:\/\/craznic.ro\/en\/politica-cookie-uri\/","og_site_name":"Craznic","article_modified_time":"2021-08-27T08:44:15+00:00","twitter_card":"summary_large_image","twitter_misc":{"Est. reading time":"3 minutes"},"schema":{"@context":"https:\/\/schema.org","@graph":[{"@type":"WebPage","@id":"https:\/\/craznic.ro\/politica-cookie-uri\/","url":"https:\/\/craznic.ro\/politica-cookie-uri\/","name":"Politica de Cookie-uri - Craznic","isPartOf":{"@id":"https:\/\/craznic.ro\/#website"},"datePublished":"2018-12-25T01:45:01+00:00","dateModified":"2021-08-27T08:44:15+00:00","breadcrumb":{"@id":"https:\/\/craznic.ro\/politica-cookie-uri\/#breadcrumb"},"inLanguage":"en-US","potentialAction":[{"@type":"ReadAction","target":["https:\/\/craznic.ro\/politica-cookie-uri\/"]}]},{"@type":"BreadcrumbList","@id":"https:\/\/craznic.ro\/politica-cookie-uri\/#breadcrumb","itemListElement":[{"@type":"ListItem","position":1,"name":"Home","item":"https:\/\/craznic.ro\/"},{"@type":"ListItem","position":2,"name":"Politica de Cookie-uri"}]},{"@type":"WebSite","@id":"https:\/\/craznic.ro\/#website","url":"https:\/\/craznic.ro\/","name":"Cr\u00e2znic &amp; Associates - Attorneys at Law","description":"Loialitate \u0219i Profesionalism","potentialAction":[{"@type":"SearchAction","target":{"@type":"EntryPoint","urlTemplate":"https:\/\/craznic.ro\/?s={search_term_string}"},"query-input":{"@type":"PropertyValueSpecification","valueRequired":true,"valueName":"search_term_string"}}],"inLanguage":"en-US"}]}},"_links":{"self":[{"href":"https:\/\/craznic.ro\/en\/wp-json\/wp\/v2\/pages\/1905","targetHints":{"allow":["GET"]}}],"collection":[{"href":"https:\/\/craznic.ro\/en\/wp-json\/wp\/v2\/pages"}],"about":[{"href":"https:\/\/craznic.ro\/en\/wp-json\/wp\/v2\/types\/page"}],"author":[{"embeddable":true,"href":"https:\/\/craznic.ro\/en\/wp-json\/wp\/v2\/users\/4"}],"replies":[{"embeddable":true,"href":"https:\/\/craznic.ro\/en\/wp-json\/wp\/v2\/comments?post=1905"}],"version-history":[{"count":0,"href":"https:\/\/craznic.ro\/en\/wp-json\/wp\/v2\/pages\/1905\/revisions"}],"wp:attachment":[{"href":"https:\/\/craznic.ro\/en\/wp-json\/wp\/v2\/media?parent=1905"}],"curies":[{"name":"wp","href":"https:\/\/api.w.org\/{rel}","templated":true}]}}