{"id":1993,"date":"2021-08-26T07:43:04","date_gmt":"2021-08-26T07:43:04","guid":{"rendered":"https:\/\/craznic.ro\/?page_id=1993"},"modified":"2026-02-04T23:45:13","modified_gmt":"2026-02-04T21:45:13","slug":"despre-noi","status":"publish","type":"page","link":"https:\/\/craznic.ro\/en\/despre-noi\/","title":{"rendered":"About Us"},"content":{"rendered":"<div class=\"wpb-content-wrapper\"><div class=\"vc_row wpb_row vc_row-fluid bg-image-ps-inherit\"><div class=\"wpb_column vc_column_container vc_col-sm-12\"><div class=\"vc_column-inner vc_custom_1551582928509\"><div class=\"wpb_wrapper\"><div class=\"vc_row wpb_row vc_inner vc_row-fluid\"><div class=\"wpb_column vc_column_container vc_col-sm-3\"><div class=\"vc_column-inner\"><div class=\"wpb_wrapper\"><\/div><\/div><\/div><div class=\"wpb_column vc_column_container vc_col-sm-6 rm-padding-lg\"><div class=\"vc_column-inner vc_custom_1545964623807\"><div class=\"wpb_wrapper\"><div id=\"ct-heading\" class=\"ct-heading  style1 align-center align-center-md align-center-sm align-center-xs\">\n    \n            <style type=\"text\/css\">\n            @media (min-width: 768px) and (max-width: 991px) {\n                #ct-heading .ct-heading-tag {\n                                            font-size: 24px !important;\n                                                        }\n            }\n        <\/style>\n    \n            <style type=\"text\/css\">\n            @media screen and (max-width: 767px) {\n                #ct-heading .ct-heading-tag {\n                                            font-size: 24px !important;\n                                                        }\n            }\n        <\/style>\n                <h3 class=\"ct-heading-tag\" style=\"margin-bottom:0px; \">\n                                    Cr\u00e2znic &amp; Associates - Attorneys at Law has the mission to <cite>defend<\/cite> our client's rights                        <\/h3>\n            <div class=\"h-gap\">\n            <span>\n                <i ><\/i>\n                <i ><\/i>\n                <i ><\/i>\n                <i ><\/i>\n            <\/span>\n        <\/div>\n        <\/div><\/div><\/div><\/div><div class=\"wpb_column vc_column_container vc_col-sm-3\"><div class=\"vc_column-inner\"><div class=\"wpb_wrapper\"><\/div><\/div><\/div><\/div><\/div><\/div><\/div><\/div><div data-vc-full-width=\"true\" data-vc-full-width-temp=\"true\" data-vc-full-width-init=\"false\" data-vc-stretch-content=\"true\" class=\"vc_row wpb_row vc_row-fluid vc_custom_1632694408516 vc_row-no-padding vc_row-o-content-middle vc_row-flex bg-image-ps-inherit\"><div class=\"wpb_column vc_column_container vc_col-sm-12 vc_col-lg-6 vc_col-md-6 rm-padding-lg col-offset-left\"><div class=\"vc_column-inner vc_custom_1551625642296\"><div class=\"wpb_wrapper\"><div id=\"ct-space-69f8c30b40cd3\">\n\t<style type=\"text\/css\">\n\t\t\t\t\t@media screen and (min-width: 1200px) {\n\t\t\t\t#ct-space-69f8c30b40cd3 .ct-space {\n\t\t\t\t\theight: 46px;\n\t\t\t\t}\n\t\t\t}\n\t\t\t\t\t\t\t@media (min-width: 992px) and (max-width: 1991px) {\n\t\t\t\t#ct-space-69f8c30b40cd3 .ct-space {\n\t\t\t\t\theight: 46px;\n\t\t\t\t}\n\t\t\t}\n\t\t\t\t\t\t\t<\/style>\n\t<div class=\"ct-space\"><\/div>\n<\/div><div id=\"ct-heading-2\" class=\"ct-heading  style1 align-left align-left-md align-left-sm align-left-xs\">\n    \n            <style type=\"text\/css\">\n            @media (min-width: 768px) and (max-width: 991px) {\n                #ct-heading-2 .ct-heading-tag {\n                                            font-size: 24px !important;\n                                                        }\n            }\n        <\/style>\n    \n            <style type=\"text\/css\">\n            @media screen and (max-width: 767px) {\n                #ct-heading-2 .ct-heading-tag {\n                                            font-size: 24px !important;\n                                                        }\n            }\n        <\/style>\n                <h3 class=\"ct-heading-tag\" style=\"margin-bottom:0px; \">\n                                    Mission                        <\/h3>\n            <div class=\"h-gap\">\n            <span>\n                <i ><\/i>\n                <i ><\/i>\n                <i ><\/i>\n                <i ><\/i>\n            <\/span>\n        <\/div>\n        <\/div>\n\t<div class=\"wpb_text_column wpb_content_element vc_custom_1632435314843 text-block1\" >\n\t\t<div class=\"wpb_wrapper\">\n\t\t\t<p>Our mission is to defend our clients\u2019 rights with loyalty and professionalism. Focusing on this goal, we always strive to offer security and solve our clients\u2019 legal issues, using our professionalism, legal skills and sound knowledge of the law as ways to reach what we have aimed for.<\/p>\n\n\t\t<\/div>\n\t<\/div>\n<div id=\"ct-heading-3\" class=\"ct-heading  style1 align-left align-left-md align-left-sm align-left-xs\">\n    \n            <style type=\"text\/css\">\n            @media (min-width: 768px) and (max-width: 991px) {\n                #ct-heading-3 .ct-heading-tag {\n                                            font-size: 24px !important;\n                                                        }\n            }\n        <\/style>\n    \n            <style type=\"text\/css\">\n            @media screen and (max-width: 767px) {\n                #ct-heading-3 .ct-heading-tag {\n                                            font-size: 24px !important;\n                                                        }\n            }\n        <\/style>\n                <h3 class=\"ct-heading-tag\" style=\"margin-bottom:0px; \">\n                                    Vision                        <\/h3>\n            <div class=\"h-gap\">\n            <span>\n                <i ><\/i>\n                <i ><\/i>\n                <i ><\/i>\n                <i ><\/i>\n            <\/span>\n        <\/div>\n        <\/div>\n\t<div class=\"wpb_text_column wpb_content_element vc_custom_1632435331935 text-block1\" >\n\t\t<div class=\"wpb_wrapper\">\n\t\t\t<p>We only like to see things well done and we are not content until we do everything that depends on us. We offer full loyalty and always striving to be better than yesterday.<\/p>\n\n\t\t<\/div>\n\t<\/div>\n<div id=\"ct-space-69f8c30b416a5\">\n\t<style type=\"text\/css\">\n\t\t\t\t\t\t\t\t\t@media (min-width: 768px) and (max-width: 991px) {\n\t\t\t\t#ct-space-69f8c30b416a5 .ct-space {\n\t\t\t\t\theight: 35px;\n\t\t\t\t}\n\t\t\t}\n\t\t\t\t\t\t\t@media screen and (max-width: 767px) {\n\t\t\t\t#ct-space-69f8c30b416a5 .ct-space {\n\t\t\t\t\theight: 35px;\n\t\t\t\t}\n\t\t\t}\n\t\t\t<\/style>\n\t<div class=\"ct-space\"><\/div>\n<\/div><\/div><\/div><\/div><div class=\"wpb_animate_when_almost_visible wpb_fadeInRight fadeInRight wpb_column vc_column_container vc_col-sm-12 vc_col-lg-6 vc_col-md-6 rm-padding-lg\"><div class=\"vc_column-inner vc_custom_1551949279230\"><div class=\"wpb_wrapper\"><div id=\"ct-box-bg-69f8c30b41fb0\" class=\"ct-box-bg bg-image\" style=\"background-image: url(https:\/\/craznic.ro\/wp-content\/uploads\/2021\/09\/about1-en-1.jpg);\">\n    <style type=\"text\/css\">\n                    @media screen and (min-width: 768px) {\n                #ct-box-bg-69f8c30b41fb0 {\n                    height: 551px;\n                }\n            }\n        \n                    @media screen and (max-width: 767px) {\n                #ct-box-bg-69f8c30b41fb0 {\n                    height: 350px;\n                }\n            }\n            <\/style>\n    <\/div><\/div><\/div><\/div><\/div><div class=\"vc_row-full-width vc_clearfix\"><\/div><div class=\"vc_row wpb_row vc_row-fluid bg-image-ps-inherit\"><div class=\"wpb_column vc_column_container vc_col-sm-12\"><div class=\"vc_column-inner\"><div class=\"wpb_wrapper\"><div id=\"ct-heading-4\" class=\"ct-heading  style1 align-left align-left-md align-left-sm align-left-xs\">\n    \n            <style type=\"text\/css\">\n            @media (min-width: 768px) and (max-width: 991px) {\n                #ct-heading-4 .ct-heading-tag {\n                                            font-size: 24px !important;\n                                                        }\n            }\n        <\/style>\n    \n            <style type=\"text\/css\">\n            @media screen and (max-width: 767px) {\n                #ct-heading-4 .ct-heading-tag {\n                                            font-size: 24px !important;\n                                                        }\n            }\n        <\/style>\n                <h3 class=\"ct-heading-tag\" style=\"margin-bottom:0px; \">\n                                    Values                        <\/h3>\n            <div class=\"h-gap\">\n            <span>\n                <i ><\/i>\n                <i ><\/i>\n                <i ><\/i>\n                <i ><\/i>\n            <\/span>\n        <\/div>\n        <\/div><\/div><\/div><\/div><\/div><div class=\"vc_row wpb_row vc_row-fluid bg-image-ps-inherit\"><div class=\"wpb_column vc_column_container vc_col-sm-6\"><div class=\"vc_column-inner\"><div class=\"wpb_wrapper\">\n\t<div class=\"wpb_text_column wpb_content_element vc_custom_1632486940564 text-block1\" >\n\t\t<div class=\"wpb_wrapper\">\n\t\t\t<p><strong><em>PROFESSIONALISM<\/em><\/strong>\u00a0- we are a well trained team, formed by experienced attorneys at law, ready at any moment to react wisely. The extended time of case preparation is the main pillar of our activity as defense lawyers. In addition, our tenacity is what makes us never give up.<\/p>\n<p><strong><em>LOYALTY<\/em><\/strong>\u00a0- without trust we can\u2019t reach our goals. This is why we are always faithful to our clients.<\/p>\n\n\t\t<\/div>\n\t<\/div>\n<\/div><\/div><\/div><div class=\"wpb_column vc_column_container vc_col-sm-6\"><div class=\"vc_column-inner\"><div class=\"wpb_wrapper\">\n\t<div class=\"wpb_text_column wpb_content_element vc_custom_1632486932529 text-block1\" >\n\t\t<div class=\"wpb_wrapper\">\n\t\t\t<p><strong><em>INTEGRITY<\/em><\/strong>\u00a0- we are straightforward and have good faith. We tell our clients the truth, even though sometimes the truth is hard to bear.<\/p>\n<p><strong><em>RESPECT<\/em><\/strong>\u00a0- we respect our clients and we expect the same thing. We always treat our clients like the way we want to be treated.<\/p>\n\n\t\t<\/div>\n\t<\/div>\n<\/div><\/div><\/div><\/div><div class=\"vc_row wpb_row vc_row-fluid vc_custom_1632435378516 bg-image-ps-inherit\"><div class=\"wpb_column vc_column_container vc_col-sm-12\"><div class=\"vc_column-inner vc_custom_1551717040900\"><div class=\"wpb_wrapper\">    <div id=\"ct-process\" class=\"ct-process-layout1\">\n                    <div class=\"ct-process-item process-1\">\n                                    <div class=\"ct-process-year sub-title\" style=\"\">\n                        2016                    <\/div>\n                                                    <h3 class=\"ct-process-title\" style=\"\">\n                        Started Journey                    <\/h3>\n                                            <\/div>\n                    <div class=\"ct-process-item process-2\">\n                                    <div class=\"ct-process-year sub-title\" style=\"\">\n                        2017                    <\/div>\n                                                    <h3 class=\"ct-process-title\" style=\"\">\n                        We employed lawyers                    <\/h3>\n                                            <\/div>\n                    <div class=\"ct-process-item process-3\">\n                                    <div class=\"ct-process-year sub-title\" style=\"\">\n                        2018                    <\/div>\n                                                    <h3 class=\"ct-process-title\" style=\"\">\n                        Winning best awards                    <\/h3>\n                                            <\/div>\n                    <div class=\"ct-process-item process-4\">\n                                    <div class=\"ct-process-year sub-title\" style=\"\">\n                        2019                    <\/div>\n                                                    <h3 class=\"ct-process-title\" style=\"\">\n                        Improved team                    <\/h3>\n                                            <\/div>\n                    <div class=\"ct-process-item process-5\">\n                                    <div class=\"ct-process-year sub-title\" style=\"\">\n                        2020                    <\/div>\n                                                    <h3 class=\"ct-process-title\" style=\"\">\n                        Winning best awards                    <\/h3>\n                                            <\/div>\n                    <div class=\"ct-process-item process-6\">\n                                    <div class=\"ct-process-year sub-title\" style=\"\">\n                        2021                    <\/div>\n                                                    <h3 class=\"ct-process-title\" style=\"\">\n                        Expanded our practice                    <\/h3>\n                                            <\/div>\n                    <div class=\"ct-process-item process-7\">\n                                    <div class=\"ct-process-year sub-title\" style=\"\">\n                        2022                    <\/div>\n                                                    <h3 class=\"ct-process-title\" style=\"\">\n                        Winning best awards                    <\/h3>\n                                            <\/div>\n                    <div class=\"ct-process-item process-8\">\n                                    <div class=\"ct-process-year sub-title\" style=\"\">\n                        2023                    <\/div>\n                                                    <h3 class=\"ct-process-title\" style=\"\">\n                        Expanded our team                    <\/h3>\n                                            <\/div>\n                    <div class=\"ct-process-item process-9\">\n                                    <div class=\"ct-process-year sub-title\" style=\"\">\n                        2024                    <\/div>\n                                                    <h3 class=\"ct-process-title\" style=\"\">\n                        Expanded across the entire country                    <\/h3>\n                                            <\/div>\n                    <div class=\"ct-process-item process-10\">\n                                    <div class=\"ct-process-year sub-title\" style=\"\">\n                        2025                    <\/div>\n                                                    <h3 class=\"ct-process-title\" style=\"\">\n                        Expanded across EU, UK and USA                    <\/h3>\n                                            <\/div>\n                    <div class=\"ct-process-item process-11\">\n                                    <div class=\"ct-process-year sub-title\" style=\"\">\n                        2026                    <\/div>\n                                                    <h3 class=\"ct-process-title\" style=\"\">\n                        Improved team                    <\/h3>\n                                            <\/div>\n            <\/div>\n<\/div><\/div><\/div><\/div><div class=\"vc_row wpb_row vc_row-fluid bg-image-ps-inherit\"><div class=\"wpb_column vc_column_container vc_col-sm-12\"><div class=\"vc_column-inner vc_custom_1629963704440\"><div class=\"wpb_wrapper\"><div class=\"vc_row wpb_row vc_inner vc_row-fluid\"><div class=\"wpb_column vc_column_container vc_col-sm-6 vc_col-lg-3 vc_col-md-3 wpb_animate_when_almost_visible wpb_fadeInUp fadeInUp\"><div class=\"vc_column-inner vc_custom_1551755378373\"><div class=\"wpb_wrapper\"><div id=\"ct-counter\" class=\"ct-counter ct-counter-default col-same-height style1\">\n\n    <div class=\"ct-counter-inner\">\n        <div class=\"ct-counter-holder\">\n                                                    <span id=\"ct-counter-digit\" class=\"ct-counter-digit\" data-grouping=\"0\" data-separator=\"\" data-digit=\"10400\" data-prefix=\"\" data-suffix=\"+\" style=\"\"><\/span>\n                            <h3 class=\"ct-counter-title\" style=\"\">\n                    Solved Cases                <\/h3>\n                    <\/div>\n    <\/div>\n<\/div><\/div><\/div><\/div><div class=\"wpb_column vc_column_container vc_col-sm-6 vc_col-lg-3 vc_col-md-3 wpb_animate_when_almost_visible wpb_fadeInUp fadeInUp\"><div class=\"vc_column-inner vc_custom_1551755386933\"><div class=\"wpb_wrapper\"><div id=\"ct-counter-2\" class=\"ct-counter ct-counter-default col-same-height style2\">\n\n    <div class=\"ct-counter-inner\">\n        <div class=\"ct-counter-holder\">\n                                                    <span id=\"ct-counter-2-digit\" class=\"ct-counter-digit\" data-grouping=\"0\" data-separator=\"\" data-digit=\"7280\" data-prefix=\"\" data-suffix=\"+\" style=\"\"><\/span>\n                            <h3 class=\"ct-counter-title\" style=\"\">\n                    Satisfied Customers                <\/h3>\n                    <\/div>\n    <\/div>\n<\/div><\/div><\/div><\/div><div class=\"wpb_column vc_column_container vc_col-sm-6 vc_col-lg-3 vc_col-md-3 wpb_animate_when_almost_visible wpb_fadeInUp fadeInUp\"><div class=\"vc_column-inner vc_custom_1551755396229\"><div class=\"wpb_wrapper\"><div id=\"ct-counter-3\" class=\"ct-counter ct-counter-default col-same-height style1\">\n\n    <div class=\"ct-counter-inner\">\n        <div class=\"ct-counter-holder\">\n                                                    <span id=\"ct-counter-3-digit\" class=\"ct-counter-digit\" data-grouping=\"0\" data-separator=\"\" data-digit=\"31\" data-prefix=\"\" data-suffix=\"+\" style=\"\"><\/span>\n                            <h3 class=\"ct-counter-title\" style=\"\">\n                    Awards Won                <\/h3>\n                    <\/div>\n    <\/div>\n<\/div><\/div><\/div><\/div><div class=\"wpb_column vc_column_container vc_col-sm-6 vc_col-lg-3 vc_col-md-3 wpb_animate_when_almost_visible wpb_fadeInUp fadeInUp\"><div class=\"vc_column-inner vc_custom_1551755404431\"><div class=\"wpb_wrapper\"><div id=\"ct-counter-4\" class=\"ct-counter ct-counter-default col-same-height style2\">\n\n    <div class=\"ct-counter-inner\">\n        <div class=\"ct-counter-holder\">\n                                                    <span id=\"ct-counter-4-digit\" class=\"ct-counter-digit\" data-grouping=\"0\" data-separator=\"\" data-digit=\"11\" data-prefix=\"\" data-suffix=\"+\" style=\"\"><\/span>\n                            <h3 class=\"ct-counter-title\" style=\"\">\n                    Team Members                <\/h3>\n                    <\/div>\n    <\/div>\n<\/div><\/div><\/div><\/div><\/div><\/div><\/div><\/div><\/div>\n<\/div>","protected":false},"excerpt":{"rendered":"SCPA Cr\u00e2znic \u0219i Asocia\u021bii are ca misiune ap\u0103rarea drepturilor clien\u021bilor Misiune Misiunea noastr\u0103 const\u0103 \u00een ap\u0103rarea drepturilor clien\u021bilor. \u00cen acest scop ne str\u0103duim ca prin profesionalismul nostru s\u0103 oferim siguran\u021b\u0103 \u0219i s\u0103 solu\u021bion\u0103m problemele care ne sunt \u00eencredin\u021bate. Viziune Nu concepem dec\u00e2t lucrurile bine f\u0103cute \u0219i nu suntem mul\u021bumi\u021bi p\u00e2n\u0103 nu facem tot ce depinde [...]","protected":false},"author":4,"featured_media":0,"parent":0,"menu_order":6,"comment_status":"closed","ping_status":"closed","template":"","meta":{"footnotes":""},"class_list":["post-1993","page","type-page","status-publish","hentry"],"yoast_head":"<!-- This site is optimized with the Yoast SEO plugin v27.5 - https:\/\/yoast.com\/product\/yoast-seo-wordpress\/ -->\n<title>Despre Noi - Craznic<\/title>\n<meta name=\"robots\" content=\"index, follow, max-snippet:-1, max-image-preview:large, max-video-preview:-1\" \/>\n<link rel=\"canonical\" href=\"https:\/\/craznic.ro\/en\/despre-noi\/\" \/>\n<meta property=\"og:locale\" content=\"en_US\" \/>\n<meta property=\"og:type\" content=\"article\" \/>\n<meta property=\"og:title\" content=\"Despre Noi - Craznic\" \/>\n<meta property=\"og:url\" content=\"https:\/\/craznic.ro\/en\/despre-noi\/\" \/>\n<meta property=\"og:site_name\" content=\"Craznic\" \/>\n<meta property=\"article:modified_time\" content=\"2026-02-04T21:45:13+00:00\" \/>\n<meta name=\"twitter:card\" content=\"summary_large_image\" \/>\n<meta name=\"twitter:label1\" content=\"Est. reading time\" \/>\n\t<meta name=\"twitter:data1\" content=\"4 minutes\" \/>\n<script type=\"application\/ld+json\" class=\"yoast-schema-graph\">{\"@context\":\"https:\\\/\\\/schema.org\",\"@graph\":[{\"@type\":\"WebPage\",\"@id\":\"https:\\\/\\\/craznic.ro\\\/despre-noi\\\/\",\"url\":\"https:\\\/\\\/craznic.ro\\\/despre-noi\\\/\",\"name\":\"Despre Noi - Craznic\",\"isPartOf\":{\"@id\":\"https:\\\/\\\/craznic.ro\\\/#website\"},\"datePublished\":\"2021-08-26T07:43:04+00:00\",\"dateModified\":\"2026-02-04T21:45:13+00:00\",\"breadcrumb\":{\"@id\":\"https:\\\/\\\/craznic.ro\\\/despre-noi\\\/#breadcrumb\"},\"inLanguage\":\"en-US\",\"potentialAction\":[{\"@type\":\"ReadAction\",\"target\":[\"https:\\\/\\\/craznic.ro\\\/despre-noi\\\/\"]}]},{\"@type\":\"BreadcrumbList\",\"@id\":\"https:\\\/\\\/craznic.ro\\\/despre-noi\\\/#breadcrumb\",\"itemListElement\":[{\"@type\":\"ListItem\",\"position\":1,\"name\":\"Home\",\"item\":\"https:\\\/\\\/craznic.ro\\\/\"},{\"@type\":\"ListItem\",\"position\":2,\"name\":\"Despre Noi\"}]},{\"@type\":\"WebSite\",\"@id\":\"https:\\\/\\\/craznic.ro\\\/#website\",\"url\":\"https:\\\/\\\/craznic.ro\\\/\",\"name\":\"SCPA Cr\u00e2znic \u0219i Asocia\u021bii\",\"description\":\"Loialitate \u0219i Profesionalism\",\"potentialAction\":[{\"@type\":\"SearchAction\",\"target\":{\"@type\":\"EntryPoint\",\"urlTemplate\":\"https:\\\/\\\/craznic.ro\\\/?s={search_term_string}\"},\"query-input\":{\"@type\":\"PropertyValueSpecification\",\"valueRequired\":true,\"valueName\":\"search_term_string\"}}],\"inLanguage\":\"en-US\"}]}<\/script>\n<!-- \/ Yoast SEO plugin. -->","yoast_head_json":{"title":"Despre Noi - Craznic","robots":{"index":"index","follow":"follow","max-snippet":"max-snippet:-1","max-image-preview":"max-image-preview:large","max-video-preview":"max-video-preview:-1"},"canonical":"https:\/\/craznic.ro\/en\/despre-noi\/","og_locale":"en_US","og_type":"article","og_title":"Despre Noi - Craznic","og_url":"https:\/\/craznic.ro\/en\/despre-noi\/","og_site_name":"Craznic","article_modified_time":"2026-02-04T21:45:13+00:00","twitter_card":"summary_large_image","twitter_misc":{"Est. reading time":"4 minutes"},"schema":{"@context":"https:\/\/schema.org","@graph":[{"@type":"WebPage","@id":"https:\/\/craznic.ro\/despre-noi\/","url":"https:\/\/craznic.ro\/despre-noi\/","name":"Despre Noi - Craznic","isPartOf":{"@id":"https:\/\/craznic.ro\/#website"},"datePublished":"2021-08-26T07:43:04+00:00","dateModified":"2026-02-04T21:45:13+00:00","breadcrumb":{"@id":"https:\/\/craznic.ro\/despre-noi\/#breadcrumb"},"inLanguage":"en-US","potentialAction":[{"@type":"ReadAction","target":["https:\/\/craznic.ro\/despre-noi\/"]}]},{"@type":"BreadcrumbList","@id":"https:\/\/craznic.ro\/despre-noi\/#breadcrumb","itemListElement":[{"@type":"ListItem","position":1,"name":"Home","item":"https:\/\/craznic.ro\/"},{"@type":"ListItem","position":2,"name":"Despre Noi"}]},{"@type":"WebSite","@id":"https:\/\/craznic.ro\/#website","url":"https:\/\/craznic.ro\/","name":"Cr\u00e2znic &amp; Associates - Attorneys at Law","description":"Loialitate \u0219i Profesionalism","potentialAction":[{"@type":"SearchAction","target":{"@type":"EntryPoint","urlTemplate":"https:\/\/craznic.ro\/?s={search_term_string}"},"query-input":{"@type":"PropertyValueSpecification","valueRequired":true,"valueName":"search_term_string"}}],"inLanguage":"en-US"}]}},"_links":{"self":[{"href":"https:\/\/craznic.ro\/en\/wp-json\/wp\/v2\/pages\/1993","targetHints":{"allow":["GET"]}}],"collection":[{"href":"https:\/\/craznic.ro\/en\/wp-json\/wp\/v2\/pages"}],"about":[{"href":"https:\/\/craznic.ro\/en\/wp-json\/wp\/v2\/types\/page"}],"author":[{"embeddable":true,"href":"https:\/\/craznic.ro\/en\/wp-json\/wp\/v2\/users\/4"}],"replies":[{"embeddable":true,"href":"https:\/\/craznic.ro\/en\/wp-json\/wp\/v2\/comments?post=1993"}],"version-history":[{"count":0,"href":"https:\/\/craznic.ro\/en\/wp-json\/wp\/v2\/pages\/1993\/revisions"}],"wp:attachment":[{"href":"https:\/\/craznic.ro\/en\/wp-json\/wp\/v2\/media?parent=1993"}],"curies":[{"name":"wp","href":"https:\/\/api.w.org\/{rel}","templated":true}]}}