{"id":2017,"date":"2021-08-26T11:11:10","date_gmt":"2021-08-26T11:11:10","guid":{"rendered":"https:\/\/craznic.ro\/?page_id=2017"},"modified":"2026-04-04T19:51:34","modified_gmt":"2026-04-04T16:51:34","slug":"servicii","status":"publish","type":"page","link":"https:\/\/craznic.ro\/en\/servicii\/","title":{"rendered":"Services"},"content":{"rendered":"<div class=\"wpb-content-wrapper\"><div class=\"vc_row wpb_row vc_row-fluid bg-image-ps-inherit\"><div class=\"wpb_column vc_column_container vc_col-sm-12\"><div class=\"vc_column-inner vc_custom_1551582928509\"><div class=\"wpb_wrapper\"><div class=\"vc_row wpb_row vc_inner vc_row-fluid\"><div class=\"wpb_column vc_column_container vc_col-sm-3\"><div class=\"vc_column-inner\"><div class=\"wpb_wrapper\"><\/div><\/div><\/div><div class=\"wpb_column vc_column_container vc_col-sm-6 rm-padding-lg\"><div class=\"vc_column-inner vc_custom_1545964623807\"><div class=\"wpb_wrapper\"><div id=\"ct-heading\" class=\"ct-heading  style1 align-center align-center-md align-center-sm align-center-xs\">\n    \n            <style type=\"text\/css\">\n            @media (min-width: 768px) and (max-width: 991px) {\n                #ct-heading .ct-heading-tag {\n                                            font-size: 24px !important;\n                                                        }\n            }\n        <\/style>\n    \n            <style type=\"text\/css\">\n            @media screen and (max-width: 767px) {\n                #ct-heading .ct-heading-tag {\n                                            font-size: 24px !important;\n                                                        }\n            }\n        <\/style>\n                <h3 class=\"ct-heading-tag\" style=\"margin-bottom:0px; \">\n                                    <cite>Cr\u00e2znic &amp; Associates - Attorneys at Law<\/cite> offer <cite>high quality legal services<\/cite> legal services in all law areas                        <\/h3>\n            <div class=\"h-gap\">\n            <span>\n                <i ><\/i>\n                <i ><\/i>\n                <i ><\/i>\n                <i ><\/i>\n            <\/span>\n        <\/div>\n        <\/div><\/div><\/div><\/div><div class=\"wpb_column vc_column_container vc_col-sm-3\"><div class=\"vc_column-inner\"><div class=\"wpb_wrapper\"><\/div><\/div><\/div><\/div><div class=\"vc_empty_space\"   style=\"height: 63px\"><span class=\"vc_empty_space_inner\"><\/span><\/div>\n<div id=\"ct_service_grid\" class=\"ct-grid ct-grid-service-layout1\">\n\n    \n    <div class=\"ct-grid-inner ct-grid-masonry row\" data-gutter=\"15\">\n                    <div class=\"grid-sizer col-xl-3 col-lg-3 col-md-6 col-sm-6 col-xs-12\"><\/div>\n                                <div class=\"grid-item col-xl-3 col-lg-3 col-md-6 col-sm-6 col-xs-12\">\n                    <div class=\"grid-item-inner featured wpb_animate_when_almost_visible wpb_fadeInUp fadeInUp\">\n                        <div class=\"grid-item-holder\" style=\"\">\n                                                                                                <div class=\"item-icon\">\n                                        <i class=\"flaticon-handcuffs text-gradient\" style=\"\"><\/i>\n                                    <\/div>\n                                                                                        <h3 class=\"item-title\" style=\"\">\n                                <a href=\"https:\/\/craznic.ro\/en\/service\/drept-penal\/\">Criminal Law<\/a>\n                            <\/h3>\n                                                            <div class=\"item-except\" style=\"\">Legal advice, assistance and representation in criminal prosecution proceedings and in front of the courts of law.\nLegal consultancy and criminal prevention advices on business matters, provided to natural or foreign companies, in order to ensure full compliance with the Romanian Law.<\/div>\n                                                    <\/div>\n                                                                                <div class=\"grid-item-hover bg-image\" style=\"background-image: url(https:\/\/craznic.ro\/wp-content\/uploads\/2019\/03\/blog2.jpg);\">\n                                <a class=\"btn btn-gradient\" href=\"https:\/\/craznic.ro\/en\/service\/drept-penal\/\">\n                                    Details                                <\/a>\n                            <\/div>\n                                            <\/div>\n                <\/div>\n                            <div class=\"grid-item col-xl-3 col-lg-3 col-md-6 col-sm-6 col-xs-12\">\n                    <div class=\"grid-item-inner featured wpb_animate_when_almost_visible wpb_fadeInUp fadeInUp\">\n                        <div class=\"grid-item-holder\" style=\"\">\n                                                                                                <div class=\"item-icon\">\n                                        <i class=\"flaticon-courthouse text-gradient\" style=\"\"><\/i>\n                                    <\/div>\n                                                                                        <h3 class=\"item-title\" style=\"\">\n                                <a href=\"https:\/\/craznic.ro\/en\/service\/contencios-administrativ\/\">Contentious-Administrative Matters<\/a>\n                            <\/h3>\n                                                            <div class=\"item-except\" style=\"\">Assistance and representation in defending the legitimate rights &amp; interests of the parties in front of the administrative courts of law.<\/div>\n                                                    <\/div>\n                                                                                <div class=\"grid-item-hover bg-image\" style=\"background-image: url(https:\/\/craznic.ro\/wp-content\/uploads\/2019\/01\/portfolio7.jpg);\">\n                                <a class=\"btn btn-gradient\" href=\"https:\/\/craznic.ro\/en\/service\/contencios-administrativ\/\">\n                                    Details                                <\/a>\n                            <\/div>\n                                            <\/div>\n                <\/div>\n                            <div class=\"grid-item col-xl-3 col-lg-3 col-md-6 col-sm-6 col-xs-12\">\n                    <div class=\"grid-item-inner featured wpb_animate_when_almost_visible wpb_fadeInUp fadeInUp\">\n                        <div class=\"grid-item-holder\" style=\"\">\n                                                                                                <div class=\"item-icon\">\n                                        <i class=\"flaticon-legal-paper text-gradient\" style=\"\"><\/i>\n                                    <\/div>\n                                                                                        <h3 class=\"item-title\" style=\"\">\n                                <a href=\"https:\/\/craznic.ro\/en\/service\/drept-civil-si-comercial\/\">Civil &amp; Commercial Law<\/a>\n                            <\/h3>\n                                                            <div class=\"item-except\" style=\"\">Legal advice, assistance and representation in litigation matters, complex civil and commercial transactions, drafting and negotiating various types of contracts.<\/div>\n                                                    <\/div>\n                                                                                <div class=\"grid-item-hover bg-image\" style=\"background-image: url(https:\/\/craznic.ro\/wp-content\/uploads\/2019\/01\/service2.jpg);\">\n                                <a class=\"btn btn-gradient\" href=\"https:\/\/craznic.ro\/en\/service\/drept-civil-si-comercial\/\">\n                                    Details                                <\/a>\n                            <\/div>\n                                            <\/div>\n                <\/div>\n                            <div class=\"grid-item col-xl-3 col-lg-3 col-md-6 col-sm-6 col-xs-12\">\n                    <div class=\"grid-item-inner featured wpb_animate_when_almost_visible wpb_fadeInUp fadeInUp\">\n                        <div class=\"grid-item-holder\" style=\"\">\n                                                                                                <div class=\"item-icon\">\n                                        <i class=\"flaticon-open-book text-gradient\" style=\"\"><\/i>\n                                    <\/div>\n                                                                                        <h3 class=\"item-title\" style=\"\">\n                                <a href=\"https:\/\/craznic.ro\/en\/service\/drept-european\/\">European Law<\/a>\n                            <\/h3>\n                                                            <div class=\"item-except\" style=\"\">Drafting and submitting complaints addressed to the European Court of Human Rights, in case of a violation of the rights protected by ECHR. Legal assistance and representation in front of The European Court of Human Rights.<\/div>\n                                                    <\/div>\n                                                                                <div class=\"grid-item-hover bg-image\" style=\"background-image: url(https:\/\/craznic.ro\/wp-content\/uploads\/2019\/01\/Canva-Lady-Justice-and-European-Union-flag.-Symbol-of-law-and-justice-with-EU-Flag-1-1024x683-1.jpg);\">\n                                <a class=\"btn btn-gradient\" href=\"https:\/\/craznic.ro\/en\/service\/drept-european\/\">\n                                    Details                                <\/a>\n                            <\/div>\n                                            <\/div>\n                <\/div>\n                            <div class=\"grid-item col-xl-3 col-lg-3 col-md-6 col-sm-6 col-xs-12\">\n                    <div class=\"grid-item-inner featured wpb_animate_when_almost_visible wpb_fadeInUp fadeInUp\">\n                        <div class=\"grid-item-holder\" style=\"\">\n                                                                                                <div class=\"item-icon\">\n                                        <i class=\"flaticon-case text-gradient\" style=\"\"><\/i>\n                                    <\/div>\n                                                                                        <h3 class=\"item-title\" style=\"\">\n                                <a href=\"https:\/\/craznic.ro\/en\/service\/dreptul-muncii\/\">Labour Law<\/a>\n                            <\/h3>\n                                                            <div class=\"item-except\" style=\"\">Legal advice, assistance and representation in the courts of law.<\/div>\n                                                    <\/div>\n                                                                                <div class=\"grid-item-hover bg-image\" style=\"background-image: url(https:\/\/craznic.ro\/wp-content\/uploads\/2019\/03\/blog3.jpg);\">\n                                <a class=\"btn btn-gradient\" href=\"https:\/\/craznic.ro\/en\/service\/dreptul-muncii\/\">\n                                    Details                                <\/a>\n                            <\/div>\n                                            <\/div>\n                <\/div>\n                            <div class=\"grid-item col-xl-3 col-lg-3 col-md-6 col-sm-6 col-xs-12\">\n                    <div class=\"grid-item-inner featured wpb_animate_when_almost_visible wpb_fadeInUp fadeInUp\">\n                        <div class=\"grid-item-holder\" style=\"\">\n                                                                                                <div class=\"item-icon\">\n                                        <i class=\"flaticon-real-estate text-gradient\" style=\"\"><\/i>\n                                    <\/div>\n                                                                                        <h3 class=\"item-title\" style=\"\">\n                                <a href=\"https:\/\/craznic.ro\/en\/service\/dreptul-familiei\/\">Family Law<\/a>\n                            <\/h3>\n                                                            <div class=\"item-except\" style=\"\">Legal advice, assistance and representation in divorce and separation cases, placement of underage children, establishing spousal support and establishing custody.<\/div>\n                                                    <\/div>\n                                                                                <div class=\"grid-item-hover bg-image\" style=\"background-image: url(https:\/\/craznic.ro\/wp-content\/uploads\/2019\/01\/service1.jpg);\">\n                                <a class=\"btn btn-gradient\" href=\"https:\/\/craznic.ro\/en\/service\/dreptul-familiei\/\">\n                                    Details                                <\/a>\n                            <\/div>\n                                            <\/div>\n                <\/div>\n                            <div class=\"grid-item col-xl-3 col-lg-3 col-md-6 col-sm-6 col-xs-12\">\n                    <div class=\"grid-item-inner featured wpb_animate_when_almost_visible wpb_fadeInUp fadeInUp\">\n                        <div class=\"grid-item-holder\" style=\"\">\n                                                                                                <div class=\"item-icon\">\n                                        <i class=\"flaticon-magnifying-glass text-gradient\" style=\"\"><\/i>\n                                    <\/div>\n                                                                                        <h3 class=\"item-title\" style=\"\">\n                                <a href=\"https:\/\/craznic.ro\/en\/service\/proprietate-intelectuala\/\">Intellectual Property Law<\/a>\n                            <\/h3>\n                                                            <div class=\"item-except\" style=\"\">Legal advice, assistance and representation in courts regarding copyright and related rights.<\/div>\n                                                    <\/div>\n                                                                                <div class=\"grid-item-hover bg-image\" style=\"background-image: url(https:\/\/craznic.ro\/wp-content\/uploads\/2019\/01\/portfolio7.jpg);\">\n                                <a class=\"btn btn-gradient\" href=\"https:\/\/craznic.ro\/en\/service\/proprietate-intelectuala\/\">\n                                    Details                                <\/a>\n                            <\/div>\n                                            <\/div>\n                <\/div>\n                <\/div>\n\n        \n<\/div><\/div><\/div><\/div><\/div>\n<\/div>","protected":false},"excerpt":{"rendered":"Drept Penal Consulta\u021bii juridice; Asisten\u021b\u0103 juridic\u0103 \u0219i reprezentare \u00een fa\u021ba organelor de poli\u021bie, parchetelor \u0219i instan\u021belor de judecat\u0103; Consulta\u021bii, asisten\u021b\u0103 juridic\u0103 \u0219i reprezentare \u00een faza de urm\u0103rire penal\u0103 \u0219i \u00een fa\u021ba tuturor instan\u021belor de judecat\u0103 din Rom\u00e2nia. Drept Penal Consulta\u021bii juridice, asisten\u021b\u0103 juridic\u0103 \u0219i reprezentare \u00een fa\u021ba organelor de poli\u021bie, parchetelor \u0219i instan\u021belor de judecat\u0103. [...]","protected":false},"author":4,"featured_media":0,"parent":0,"menu_order":4,"comment_status":"closed","ping_status":"closed","template":"","meta":{"footnotes":""},"class_list":["post-2017","page","type-page","status-publish","hentry"],"yoast_head":"<!-- This site is optimized with the Yoast SEO plugin v27.4 - https:\/\/yoast.com\/product\/yoast-seo-wordpress\/ -->\n<title>Servicii - Craznic<\/title>\n<meta name=\"robots\" content=\"index, follow, max-snippet:-1, max-image-preview:large, max-video-preview:-1\" \/>\n<link rel=\"canonical\" href=\"https:\/\/craznic.ro\/en\/servicii\/\" \/>\n<meta property=\"og:locale\" content=\"en_US\" \/>\n<meta property=\"og:type\" content=\"article\" \/>\n<meta property=\"og:title\" content=\"Servicii - Craznic\" \/>\n<meta property=\"og:url\" content=\"https:\/\/craznic.ro\/en\/servicii\/\" \/>\n<meta property=\"og:site_name\" content=\"Craznic\" \/>\n<meta property=\"article:modified_time\" content=\"2026-04-04T16:51:34+00:00\" \/>\n<meta name=\"twitter:card\" content=\"summary_large_image\" \/>\n<meta name=\"twitter:label1\" content=\"Est. reading time\" \/>\n\t<meta name=\"twitter:data1\" content=\"1 minute\" \/>\n<script type=\"application\/ld+json\" class=\"yoast-schema-graph\">{\"@context\":\"https:\\\/\\\/schema.org\",\"@graph\":[{\"@type\":\"WebPage\",\"@id\":\"https:\\\/\\\/craznic.ro\\\/servicii\\\/\",\"url\":\"https:\\\/\\\/craznic.ro\\\/servicii\\\/\",\"name\":\"Servicii - Craznic\",\"isPartOf\":{\"@id\":\"https:\\\/\\\/craznic.ro\\\/#website\"},\"datePublished\":\"2021-08-26T11:11:10+00:00\",\"dateModified\":\"2026-04-04T16:51:34+00:00\",\"breadcrumb\":{\"@id\":\"https:\\\/\\\/craznic.ro\\\/servicii\\\/#breadcrumb\"},\"inLanguage\":\"en-US\",\"potentialAction\":[{\"@type\":\"ReadAction\",\"target\":[\"https:\\\/\\\/craznic.ro\\\/servicii\\\/\"]}]},{\"@type\":\"BreadcrumbList\",\"@id\":\"https:\\\/\\\/craznic.ro\\\/servicii\\\/#breadcrumb\",\"itemListElement\":[{\"@type\":\"ListItem\",\"position\":1,\"name\":\"Home\",\"item\":\"https:\\\/\\\/craznic.ro\\\/\"},{\"@type\":\"ListItem\",\"position\":2,\"name\":\"Servicii\"}]},{\"@type\":\"WebSite\",\"@id\":\"https:\\\/\\\/craznic.ro\\\/#website\",\"url\":\"https:\\\/\\\/craznic.ro\\\/\",\"name\":\"SCPA Cr\u00e2znic \u0219i Asocia\u021bii\",\"description\":\"Loialitate \u0219i Profesionalism\",\"potentialAction\":[{\"@type\":\"SearchAction\",\"target\":{\"@type\":\"EntryPoint\",\"urlTemplate\":\"https:\\\/\\\/craznic.ro\\\/?s={search_term_string}\"},\"query-input\":{\"@type\":\"PropertyValueSpecification\",\"valueRequired\":true,\"valueName\":\"search_term_string\"}}],\"inLanguage\":\"en-US\"}]}<\/script>\n<!-- \/ Yoast SEO plugin. -->","yoast_head_json":{"title":"Servicii - Craznic","robots":{"index":"index","follow":"follow","max-snippet":"max-snippet:-1","max-image-preview":"max-image-preview:large","max-video-preview":"max-video-preview:-1"},"canonical":"https:\/\/craznic.ro\/en\/servicii\/","og_locale":"en_US","og_type":"article","og_title":"Servicii - Craznic","og_url":"https:\/\/craznic.ro\/en\/servicii\/","og_site_name":"Craznic","article_modified_time":"2026-04-04T16:51:34+00:00","twitter_card":"summary_large_image","twitter_misc":{"Est. reading time":"1 minute"},"schema":{"@context":"https:\/\/schema.org","@graph":[{"@type":"WebPage","@id":"https:\/\/craznic.ro\/servicii\/","url":"https:\/\/craznic.ro\/servicii\/","name":"Servicii - Craznic","isPartOf":{"@id":"https:\/\/craznic.ro\/#website"},"datePublished":"2021-08-26T11:11:10+00:00","dateModified":"2026-04-04T16:51:34+00:00","breadcrumb":{"@id":"https:\/\/craznic.ro\/servicii\/#breadcrumb"},"inLanguage":"en-US","potentialAction":[{"@type":"ReadAction","target":["https:\/\/craznic.ro\/servicii\/"]}]},{"@type":"BreadcrumbList","@id":"https:\/\/craznic.ro\/servicii\/#breadcrumb","itemListElement":[{"@type":"ListItem","position":1,"name":"Home","item":"https:\/\/craznic.ro\/"},{"@type":"ListItem","position":2,"name":"Servicii"}]},{"@type":"WebSite","@id":"https:\/\/craznic.ro\/#website","url":"https:\/\/craznic.ro\/","name":"Cr\u00e2znic &amp; Associates - Attorneys at Law","description":"Loialitate \u0219i Profesionalism","potentialAction":[{"@type":"SearchAction","target":{"@type":"EntryPoint","urlTemplate":"https:\/\/craznic.ro\/?s={search_term_string}"},"query-input":{"@type":"PropertyValueSpecification","valueRequired":true,"valueName":"search_term_string"}}],"inLanguage":"en-US"}]}},"_links":{"self":[{"href":"https:\/\/craznic.ro\/en\/wp-json\/wp\/v2\/pages\/2017","targetHints":{"allow":["GET"]}}],"collection":[{"href":"https:\/\/craznic.ro\/en\/wp-json\/wp\/v2\/pages"}],"about":[{"href":"https:\/\/craznic.ro\/en\/wp-json\/wp\/v2\/types\/page"}],"author":[{"embeddable":true,"href":"https:\/\/craznic.ro\/en\/wp-json\/wp\/v2\/users\/4"}],"replies":[{"embeddable":true,"href":"https:\/\/craznic.ro\/en\/wp-json\/wp\/v2\/comments?post=2017"}],"version-history":[{"count":2,"href":"https:\/\/craznic.ro\/en\/wp-json\/wp\/v2\/pages\/2017\/revisions"}],"predecessor-version":[{"id":3343,"href":"https:\/\/craznic.ro\/en\/wp-json\/wp\/v2\/pages\/2017\/revisions\/3343"}],"wp:attachment":[{"href":"https:\/\/craznic.ro\/en\/wp-json\/wp\/v2\/media?parent=2017"}],"curies":[{"name":"wp","href":"https:\/\/api.w.org\/{rel}","templated":true}]}}