{"id":2035,"date":"2021-08-26T14:02:23","date_gmt":"2021-08-26T14:02:23","guid":{"rendered":"https:\/\/craznic.ro\/?page_id=2035"},"modified":"2026-01-25T10:52:16","modified_gmt":"2026-01-25T08:52:16","slug":"flavius-craznic","status":"publish","type":"page","link":"https:\/\/craznic.ro\/en\/echipa\/flavius-craznic\/","title":{"rendered":"Flavius Cr\u00e2znic"},"content":{"rendered":"<div class=\"wpb-content-wrapper\"><div class=\"vc_row wpb_row vc_row-fluid vc_custom_1629986613518 bg-image-ps-inherit\"><div class=\"wpb_column vc_column_container vc_col-sm-4 vc_col-lg-3 vc_col-md-3\"><div class=\"vc_column-inner\"><div class=\"wpb_wrapper\">\n<div id=\"ct-team-member\" class=\"ct-team-member-default single-team\">\n    <div class=\"ct-team-member-inner\">\n                    <div class=\"ct-team-image\">\n                <img decoding=\"async\" class=\"\" src=\"https:\/\/craznic.ro\/wp-content\/uploads\/2021\/09\/flavius-craznic-400x400.jpg\" width=\"400\" height=\"400\" alt=\"flavius-craznic\" title=\"flavius-craznic\" loading=\"lazy\" \/>            <\/div>\n                <div class=\"ct-team-holder\">\n            <h3 class=\"ct-team-title\">\n                <a href=\"\" target=\"\">\n                    Flavius Cr\u00e2znic                <\/a>\n            <\/h3>\n                            <div class=\"ct-team-position\">Founding&amp;Managing Partner<\/div>\n                    <\/div>\n    <\/div>\n<\/div><div id=\"ct-space-69e766314b252\">\n\t<style type=\"text\/css\">\n\t\t\t\t\t\t\t\t\t\t\t@media screen and (max-width: 767px) {\n\t\t\t\t#ct-space-69e766314b252 .ct-space {\n\t\t\t\t\theight: 42px;\n\t\t\t\t}\n\t\t\t}\n\t\t\t<\/style>\n\t<div class=\"ct-space\"><\/div>\n<\/div><\/div><\/div><\/div><div class=\"wpb_column vc_column_container vc_col-sm-8 vc_col-lg-9 vc_col-md-9\"><div class=\"vc_column-inner\"><div class=\"wpb_wrapper\">\n\t<div class=\"wpb_text_column wpb_content_element vc_custom_1629986772841\" >\n\t\t<div class=\"wpb_wrapper\">\n\t\t\t<p style=\"text-align: justify;\"><strong>Flavius Cr\u00e2znic<\/strong>\u00a0is an attorney at law specialized in criminal law and business criminal law. After graduating from the Faculty of Law of The University of Bucharest in 1994, he became a prosecutor at the Prosecutor\u2019s Office attached to the Third District First Instance Court in Bucharest, going through all the professional stages.<\/p>\n<p style=\"text-align: justify;\">Started acting as a prosecutor at the Prosecutor\u2019s Office attached to the Bucharest Tribunal and after at the Prosecutor\u2019s Office attached to the Bucharest Court of Appeal, and between 1998 and 2010 activated at the Prosecutor\u2019s Office attached to the High Court of Cassation and Justice of Romania.<\/p>\n<p style=\"text-align: justify;\">During his career as a prosecutor, he held many leadership positions, in the Prosecutor\u2019s Office attached to the High Court of Cassation and Justice as well as other institutions (in the Romanian Government - National Office for Prevention and Control of Money Laundering as secretary of state, and the Ministry of Justice as personal adviser to the Justice Minister).<\/p>\n<p style=\"text-align: justify;\">He actively participated at training courses in the United States of America and in the European Union organized by the U.S. Department of Justice, FBI Academy, Trier European Law Academy, Siracusa Superior Institute of Criminal Sciences, Catania University, Bayreuth University, Pau University and Rey Juan Carlos University.<\/p>\n<p style=\"text-align: justify;\">Since 2010, as a criminal defense lawyer, he has been representing clients in cases in front of The National Anticorruption Directorate (DNA), The Directorate for Investigating Organized Crime and Terrorism (DIICOT) and The High Court of Cassation and Justice of Romania.<\/p>\n<p style=\"text-align: justify;\">Flavius was distinguished with The Judicial Merit Diploma by the President of Romania.<\/p>\n\n\t\t<\/div>\n\t<\/div>\n<div class=\"vc_row wpb_row vc_inner vc_row-fluid vc_row-o-content-middle vc_row-flex\"><div class=\"wpb_column vc_column_container vc_col-sm-8\"><div class=\"vc_column-inner\"><div class=\"wpb_wrapper\"><div class=\"ct-contact-info style1 contact-info-group\">\n\t<div class=\"contact-info-inner\">\n                    <div class=\"ct-contact-info-icon\">\n                <i class=\"fa fa-envelope\" style=\"\"><\/i>\n            <\/div>\n                <div class=\"ct-contact-info-content\" style=\"\">\n                                                    <a href=\"mailto:flavius@craznic.ro\">flavius@craznic.ro<\/a>\n                                <\/div>\n\t<\/div>\n<\/div><div class=\"ct-contact-info style1 contact-info-group\">\n\t<div class=\"contact-info-inner\">\n                <div class=\"ct-contact-info-content\" style=\"\">\n                                                                                                    <div class=\"view-map\" >\n                        <a href=\"https:\/\/craznic.ro\/wp-content\/uploads\/2024\/12\/CV-EN-AV.-FLAVIUS-CRAZNIC.pdf\" target=\"_self\">\n                            <i class=\"text-gradient fa fa-street-view\"><\/i>\n                            <span>Download CV<\/span>\n                        <\/a>\n                    <\/div>\n                                    <\/div>\n\t<\/div>\n<\/div><\/div><\/div><\/div><div class=\"text-left-sm text-right wpb_column vc_column_container vc_col-sm-4\"><div class=\"vc_column-inner\"><div class=\"wpb_wrapper\"><div id=\"ct-space-69e766314c04f\">\n\t<style type=\"text\/css\">\n\t\t\t\t\t\t\t\t\t\t\t@media screen and (max-width: 767px) {\n\t\t\t\t#ct-space-69e766314c04f .ct-space {\n\t\t\t\t\theight: 12px;\n\t\t\t\t}\n\t\t\t}\n\t\t\t<\/style>\n\t<div class=\"ct-space\"><\/div>\n<\/div>    <div id=\"ct-icon\" class=\"ct-icon\">\n                    <a href=\"\" target=\"\"><i class=\"fa fa-facebook text-gradient\"><\/i><\/a>\n                    <a href=\"\" target=\"\"><i class=\"fa fa-dribbble text-gradient\"><\/i><\/a>\n                    <a href=\"\" target=\"\"><i class=\"fa fa-twitter text-gradient\"><\/i><\/a>\n                    <a href=\"\" target=\"\"><i class=\"fa fa-google-plus text-gradient\"><\/i><\/a>\n            <\/div>\n<\/div><\/div><\/div><\/div><\/div><\/div><\/div><\/div>\n<\/div>","protected":false},"excerpt":{"rendered":"Flavius Cr\u00e2znic Founding&amp;Managing Partner Flavius Cr\u00e2znic\u00a0este avocat specializat \u00een drept penal \u0219i dreptul afacerilor. Dup\u0103 absolvirea Facult\u0103\u021bii de Drept a Universit\u0103\u021bii Bucure\u0219ti \u00een 1994 a devenit procuror la Parchetul de pe l\u00e2ng\u0103 Judec\u0103toria Sectorului 3 Bucure\u0219ti, parcurg\u00e2nd apoi toate treptele profesionale. A activat \u00een cadrul Parchetului de pe l\u00e2ng\u0103 Tribunalul Bucure\u0219ti \u0219i Parchetului de pe [...]","protected":false},"author":4,"featured_media":0,"parent":2031,"menu_order":1,"comment_status":"closed","ping_status":"closed","template":"","meta":{"footnotes":""},"class_list":["post-2035","page","type-page","status-publish","hentry"],"yoast_head":"<!-- This site is optimized with the Yoast SEO plugin v27.4 - https:\/\/yoast.com\/product\/yoast-seo-wordpress\/ -->\n<title>Flavius Cr\u00e2znic - Craznic<\/title>\n<meta name=\"description\" content=\"Flavius Cr\u00e2znic este Managing Partner \u0219i avocat specializat \u00een drept penal \u0219i dreptul afacerilor.\" \/>\n<meta name=\"robots\" content=\"index, follow, max-snippet:-1, max-image-preview:large, max-video-preview:-1\" \/>\n<link rel=\"canonical\" href=\"https:\/\/craznic.ro\/en\/echipa\/flavius-craznic\/\" \/>\n<meta property=\"og:locale\" content=\"en_US\" \/>\n<meta property=\"og:type\" content=\"article\" \/>\n<meta property=\"og:title\" content=\"Flavius Cr\u00e2znic - Craznic\" \/>\n<meta property=\"og:description\" content=\"Flavius Cr\u00e2znic este Managing Partner \u0219i avocat specializat \u00een drept penal \u0219i dreptul afacerilor.\" \/>\n<meta property=\"og:url\" content=\"https:\/\/craznic.ro\/en\/echipa\/flavius-craznic\/\" \/>\n<meta property=\"og:site_name\" content=\"Craznic\" \/>\n<meta property=\"article:modified_time\" content=\"2026-01-25T08:52:16+00:00\" \/>\n<meta name=\"twitter:card\" content=\"summary_large_image\" \/>\n<meta name=\"twitter:label1\" content=\"Est. reading time\" \/>\n\t<meta name=\"twitter:data1\" content=\"3 minutes\" \/>\n<script type=\"application\/ld+json\" class=\"yoast-schema-graph\">{\"@context\":\"https:\\\/\\\/schema.org\",\"@graph\":[{\"@type\":\"WebPage\",\"@id\":\"https:\\\/\\\/craznic.ro\\\/echipa\\\/flavius-craznic\\\/\",\"url\":\"https:\\\/\\\/craznic.ro\\\/echipa\\\/flavius-craznic\\\/\",\"name\":\"Flavius Cr\u00e2znic - Craznic\",\"isPartOf\":{\"@id\":\"https:\\\/\\\/craznic.ro\\\/#website\"},\"datePublished\":\"2021-08-26T14:02:23+00:00\",\"dateModified\":\"2026-01-25T08:52:16+00:00\",\"description\":\"Flavius Cr\u00e2znic este Managing Partner \u0219i avocat specializat \u00een drept penal \u0219i dreptul afacerilor.\",\"breadcrumb\":{\"@id\":\"https:\\\/\\\/craznic.ro\\\/echipa\\\/flavius-craznic\\\/#breadcrumb\"},\"inLanguage\":\"en-US\",\"potentialAction\":[{\"@type\":\"ReadAction\",\"target\":[\"https:\\\/\\\/craznic.ro\\\/echipa\\\/flavius-craznic\\\/\"]}]},{\"@type\":\"BreadcrumbList\",\"@id\":\"https:\\\/\\\/craznic.ro\\\/echipa\\\/flavius-craznic\\\/#breadcrumb\",\"itemListElement\":[{\"@type\":\"ListItem\",\"position\":1,\"name\":\"Home\",\"item\":\"https:\\\/\\\/craznic.ro\\\/\"},{\"@type\":\"ListItem\",\"position\":2,\"name\":\"Echipa\",\"item\":\"https:\\\/\\\/craznic.ro\\\/echipa\\\/\"},{\"@type\":\"ListItem\",\"position\":3,\"name\":\"Flavius Cr\u00e2znic\"}]},{\"@type\":\"WebSite\",\"@id\":\"https:\\\/\\\/craznic.ro\\\/#website\",\"url\":\"https:\\\/\\\/craznic.ro\\\/\",\"name\":\"SCPA Cr\u00e2znic \u0219i Asocia\u021bii\",\"description\":\"Loialitate \u0219i Profesionalism\",\"potentialAction\":[{\"@type\":\"SearchAction\",\"target\":{\"@type\":\"EntryPoint\",\"urlTemplate\":\"https:\\\/\\\/craznic.ro\\\/?s={search_term_string}\"},\"query-input\":{\"@type\":\"PropertyValueSpecification\",\"valueRequired\":true,\"valueName\":\"search_term_string\"}}],\"inLanguage\":\"en-US\"}]}<\/script>\n<!-- \/ Yoast SEO plugin. -->","yoast_head_json":{"title":"Flavius Cr\u00e2znic - Craznic","description":"Flavius Cr\u00e2znic este Managing Partner \u0219i avocat specializat \u00een drept penal \u0219i dreptul afacerilor.","robots":{"index":"index","follow":"follow","max-snippet":"max-snippet:-1","max-image-preview":"max-image-preview:large","max-video-preview":"max-video-preview:-1"},"canonical":"https:\/\/craznic.ro\/en\/echipa\/flavius-craznic\/","og_locale":"en_US","og_type":"article","og_title":"Flavius Cr\u00e2znic - Craznic","og_description":"Flavius Cr\u00e2znic este Managing Partner \u0219i avocat specializat \u00een drept penal \u0219i dreptul afacerilor.","og_url":"https:\/\/craznic.ro\/en\/echipa\/flavius-craznic\/","og_site_name":"Craznic","article_modified_time":"2026-01-25T08:52:16+00:00","twitter_card":"summary_large_image","twitter_misc":{"Est. reading time":"3 minutes"},"schema":{"@context":"https:\/\/schema.org","@graph":[{"@type":"WebPage","@id":"https:\/\/craznic.ro\/echipa\/flavius-craznic\/","url":"https:\/\/craznic.ro\/echipa\/flavius-craznic\/","name":"Flavius Cr\u00e2znic - Craznic","isPartOf":{"@id":"https:\/\/craznic.ro\/#website"},"datePublished":"2021-08-26T14:02:23+00:00","dateModified":"2026-01-25T08:52:16+00:00","description":"Flavius Cr\u00e2znic este Managing Partner \u0219i avocat specializat \u00een drept penal \u0219i dreptul afacerilor.","breadcrumb":{"@id":"https:\/\/craznic.ro\/echipa\/flavius-craznic\/#breadcrumb"},"inLanguage":"en-US","potentialAction":[{"@type":"ReadAction","target":["https:\/\/craznic.ro\/echipa\/flavius-craznic\/"]}]},{"@type":"BreadcrumbList","@id":"https:\/\/craznic.ro\/echipa\/flavius-craznic\/#breadcrumb","itemListElement":[{"@type":"ListItem","position":1,"name":"Home","item":"https:\/\/craznic.ro\/"},{"@type":"ListItem","position":2,"name":"Echipa","item":"https:\/\/craznic.ro\/echipa\/"},{"@type":"ListItem","position":3,"name":"Flavius Cr\u00e2znic"}]},{"@type":"WebSite","@id":"https:\/\/craznic.ro\/#website","url":"https:\/\/craznic.ro\/","name":"Cr\u00e2znic &amp; Associates - Attorneys at Law","description":"Loialitate \u0219i Profesionalism","potentialAction":[{"@type":"SearchAction","target":{"@type":"EntryPoint","urlTemplate":"https:\/\/craznic.ro\/?s={search_term_string}"},"query-input":{"@type":"PropertyValueSpecification","valueRequired":true,"valueName":"search_term_string"}}],"inLanguage":"en-US"}]}},"_links":{"self":[{"href":"https:\/\/craznic.ro\/en\/wp-json\/wp\/v2\/pages\/2035","targetHints":{"allow":["GET"]}}],"collection":[{"href":"https:\/\/craznic.ro\/en\/wp-json\/wp\/v2\/pages"}],"about":[{"href":"https:\/\/craznic.ro\/en\/wp-json\/wp\/v2\/types\/page"}],"author":[{"embeddable":true,"href":"https:\/\/craznic.ro\/en\/wp-json\/wp\/v2\/users\/4"}],"replies":[{"embeddable":true,"href":"https:\/\/craznic.ro\/en\/wp-json\/wp\/v2\/comments?post=2035"}],"version-history":[{"count":0,"href":"https:\/\/craznic.ro\/en\/wp-json\/wp\/v2\/pages\/2035\/revisions"}],"up":[{"embeddable":true,"href":"https:\/\/craznic.ro\/en\/wp-json\/wp\/v2\/pages\/2031"}],"wp:attachment":[{"href":"https:\/\/craznic.ro\/en\/wp-json\/wp\/v2\/media?parent=2035"}],"curies":[{"name":"wp","href":"https:\/\/api.w.org\/{rel}","templated":true}]}}