{"id":2067,"date":"2021-08-26T14:48:13","date_gmt":"2021-08-26T14:48:13","guid":{"rendered":"https:\/\/craznic.ro\/?page_id=2067"},"modified":"2026-03-31T16:12:34","modified_gmt":"2026-03-31T13:12:34","slug":"camelia-miron","status":"publish","type":"page","link":"https:\/\/craznic.ro\/en\/echipa\/camelia-miron\/","title":{"rendered":"Camelia Miron"},"content":{"rendered":"<div class=\"wpb-content-wrapper\"><div class=\"vc_row wpb_row vc_row-fluid vc_custom_1629986613518 bg-image-ps-inherit\"><div class=\"wpb_column vc_column_container vc_col-sm-4 vc_col-lg-3 vc_col-md-3\"><div class=\"vc_column-inner\"><div class=\"wpb_wrapper\">\n<div id=\"ct-team-member\" class=\"ct-team-member-default single-team\">\n    <div class=\"ct-team-member-inner\">\n                    <div class=\"ct-team-image\">\n                <img decoding=\"async\" class=\"\" src=\"https:\/\/craznic.ro\/wp-content\/uploads\/2026\/03\/C-3-400x400.png\" width=\"400\" height=\"400\" alt=\"C\" title=\"C\" loading=\"lazy\" \/>            <\/div>\n                <div class=\"ct-team-holder\">\n            <h3 class=\"ct-team-title\">\n                <a href=\"https:\/\/craznic.ro\/en\/echipa\/camelia-miron\/\" target=\"_self\">\n                    Camelia Miron                <\/a>\n            <\/h3>\n                            <div class=\"ct-team-position\">Office Manager<\/div>\n                    <\/div>\n    <\/div>\n<\/div><div id=\"ct-space-69f8d366a3f5c\">\n\t<style type=\"text\/css\">\n\t\t\t\t\t\t\t\t\t\t\t@media screen and (max-width: 767px) {\n\t\t\t\t#ct-space-69f8d366a3f5c .ct-space {\n\t\t\t\t\theight: 42px;\n\t\t\t\t}\n\t\t\t}\n\t\t\t<\/style>\n\t<div class=\"ct-space\"><\/div>\n<\/div><\/div><\/div><\/div><div class=\"wpb_column vc_column_container vc_col-sm-8 vc_col-lg-9 vc_col-md-9\"><div class=\"vc_column-inner\"><div class=\"wpb_wrapper\">\n\t<div class=\"wpb_text_column wpb_content_element vc_custom_1774051366393\" >\n\t\t<div class=\"wpb_wrapper\">\n\t\t\t<p class=\"translation-block\">Camelia Miron is the Office Manager within CR\u00c2ZNIC&amp;ASSOCIATES-ATTORNEYS AT LAW.<\/p>\n<p>She graduated from the Faculty of Law at Dimitrie Cantemir Christian University in Cluj-Napoca and is currently a master's student in the Criminal Sciences program at Dimitrie Cantemir Christian University in Bucharest.<\/p>\n<p><strong>Camelia\u00a0<\/strong>joined our team in November 2024.<\/p>\n<p>Organized, involved and always prepared<strong>\u00a0Camelia\u00a0<\/strong>assists the company\u2019s lawyers with enthusiasm and professionalism.<\/p>\n\n\t\t<\/div>\n\t<\/div>\n<div class=\"vc_row wpb_row vc_inner vc_row-fluid vc_row-o-content-middle vc_row-flex\"><div class=\"wpb_column vc_column_container vc_col-sm-8\"><div class=\"vc_column-inner\"><div class=\"wpb_wrapper\"><div class=\"ct-contact-info style1 contact-info-group\">\n\t<div class=\"contact-info-inner\">\n                    <div class=\"ct-contact-info-icon\">\n                <i class=\"fa fa-envelope\" style=\"\"><\/i>\n            <\/div>\n                <div class=\"ct-contact-info-content\" style=\"\">\n                                                    <a href=\"mailto:office3@craznic.ro\">office3@craznic.ro<\/a>\n                                <\/div>\n\t<\/div>\n<\/div><div class=\"ct-contact-info style1\">\n\t<div class=\"contact-info-inner\">\n                <div class=\"ct-contact-info-content\" style=\"\">\n                                                                                                    <div class=\"view-map\" >\n                        <a href=\"https:\/\/craznic.ro\/wp-content\/uploads\/2025\/11\/CV_Camelia-Miron-eng.pdf\" target=\"_self\">\n                            <i class=\"text-gradient fa fa-street-view\"><\/i>\n                            <span>Download CV<\/span>\n                        <\/a>\n                    <\/div>\n                                    <\/div>\n\t<\/div>\n<\/div><\/div><\/div><\/div><div class=\"text-left-sm text-right wpb_column vc_column_container vc_col-sm-4\"><div class=\"vc_column-inner\"><div class=\"wpb_wrapper\"><div id=\"ct-space-69f8d366a4d11\">\n\t<style type=\"text\/css\">\n\t\t\t\t\t\t\t\t\t\t\t@media screen and (max-width: 767px) {\n\t\t\t\t#ct-space-69f8d366a4d11 .ct-space {\n\t\t\t\t\theight: 12px;\n\t\t\t\t}\n\t\t\t}\n\t\t\t<\/style>\n\t<div class=\"ct-space\"><\/div>\n<\/div>    <div id=\"ct-icon\" class=\"ct-icon\">\n                    <a href=\"\" target=\"\"><i class=\"fa fa-facebook text-gradient\"><\/i><\/a>\n                    <a href=\"\" target=\"\"><i class=\"fa fa-dribbble text-gradient\"><\/i><\/a>\n                    <a href=\"\" target=\"\"><i class=\"fa fa-twitter text-gradient\"><\/i><\/a>\n                    <a href=\"\" target=\"\"><i class=\"fa fa-google-plus text-gradient\"><\/i><\/a>\n            <\/div>\n<\/div><\/div><\/div><\/div><\/div><\/div><\/div><\/div>\n<\/div>","protected":false},"excerpt":{"rendered":"Camelia Miron Office Manager Camelia Miron\u00a0este Office Manager \u00een cadrul\u00a0CR\u00c2ZNIC \u0218I ASOCIA\u021aII \u2013 Societate Civil\u0103 de Avoca\u021bi. Este absolvent\u0103 a Facult\u0103\u021bii de Drept din cadrul Universit\u0103\u021bii Cre\u0219tine Dimitrie Cantemir Cluj-Napoca \u0219i \u00een prezent masterand\u0103 la programul de \u0218tiin\u021be Penale \u00een cadrul Universit\u0103\u021bii Cre\u0219tine Dimitrie Cantemir Bucure\u0219ti. Camelia\u00a0s-a al\u0103turat echipei noastre \u00een noiembrie 2025. Organizat\u0103, implicat\u0103 [...]","protected":false},"author":4,"featured_media":0,"parent":2031,"menu_order":9,"comment_status":"closed","ping_status":"closed","template":"","meta":{"footnotes":""},"class_list":["post-2067","page","type-page","status-publish","hentry"],"yoast_head":"<!-- This site is optimized with the Yoast SEO plugin v27.5 - https:\/\/yoast.com\/product\/yoast-seo-wordpress\/ -->\n<title>Camelia Miron - Craznic<\/title>\n<meta name=\"robots\" content=\"index, follow, max-snippet:-1, max-image-preview:large, max-video-preview:-1\" \/>\n<link rel=\"canonical\" href=\"https:\/\/craznic.ro\/en\/echipa\/camelia-miron\/\" \/>\n<meta property=\"og:locale\" content=\"en_US\" \/>\n<meta property=\"og:type\" content=\"article\" \/>\n<meta property=\"og:title\" content=\"Camelia Miron - Craznic\" \/>\n<meta property=\"og:url\" content=\"https:\/\/craznic.ro\/en\/echipa\/camelia-miron\/\" \/>\n<meta property=\"og:site_name\" content=\"Craznic\" \/>\n<meta property=\"article:modified_time\" content=\"2026-03-31T13:12:34+00:00\" \/>\n<meta name=\"twitter:card\" content=\"summary_large_image\" \/>\n<meta name=\"twitter:label1\" content=\"Est. reading time\" \/>\n\t<meta name=\"twitter:data1\" content=\"1 minute\" \/>\n<script type=\"application\/ld+json\" class=\"yoast-schema-graph\">{\"@context\":\"https:\\\/\\\/schema.org\",\"@graph\":[{\"@type\":\"WebPage\",\"@id\":\"https:\\\/\\\/craznic.ro\\\/echipa\\\/camelia-miron\\\/\",\"url\":\"https:\\\/\\\/craznic.ro\\\/echipa\\\/camelia-miron\\\/\",\"name\":\"Camelia Miron - Craznic\",\"isPartOf\":{\"@id\":\"https:\\\/\\\/craznic.ro\\\/#website\"},\"datePublished\":\"2021-08-26T14:48:13+00:00\",\"dateModified\":\"2026-03-31T13:12:34+00:00\",\"breadcrumb\":{\"@id\":\"https:\\\/\\\/craznic.ro\\\/echipa\\\/camelia-miron\\\/#breadcrumb\"},\"inLanguage\":\"en-US\",\"potentialAction\":[{\"@type\":\"ReadAction\",\"target\":[\"https:\\\/\\\/craznic.ro\\\/echipa\\\/camelia-miron\\\/\"]}]},{\"@type\":\"BreadcrumbList\",\"@id\":\"https:\\\/\\\/craznic.ro\\\/echipa\\\/camelia-miron\\\/#breadcrumb\",\"itemListElement\":[{\"@type\":\"ListItem\",\"position\":1,\"name\":\"Home\",\"item\":\"https:\\\/\\\/craznic.ro\\\/\"},{\"@type\":\"ListItem\",\"position\":2,\"name\":\"Echipa\",\"item\":\"https:\\\/\\\/craznic.ro\\\/echipa\\\/\"},{\"@type\":\"ListItem\",\"position\":3,\"name\":\"Camelia Miron\"}]},{\"@type\":\"WebSite\",\"@id\":\"https:\\\/\\\/craznic.ro\\\/#website\",\"url\":\"https:\\\/\\\/craznic.ro\\\/\",\"name\":\"SCPA Cr\u00e2znic \u0219i Asocia\u021bii\",\"description\":\"Loialitate \u0219i Profesionalism\",\"potentialAction\":[{\"@type\":\"SearchAction\",\"target\":{\"@type\":\"EntryPoint\",\"urlTemplate\":\"https:\\\/\\\/craznic.ro\\\/?s={search_term_string}\"},\"query-input\":{\"@type\":\"PropertyValueSpecification\",\"valueRequired\":true,\"valueName\":\"search_term_string\"}}],\"inLanguage\":\"en-US\"}]}<\/script>\n<!-- \/ Yoast SEO plugin. -->","yoast_head_json":{"title":"Camelia Miron - Craznic","robots":{"index":"index","follow":"follow","max-snippet":"max-snippet:-1","max-image-preview":"max-image-preview:large","max-video-preview":"max-video-preview:-1"},"canonical":"https:\/\/craznic.ro\/en\/echipa\/camelia-miron\/","og_locale":"en_US","og_type":"article","og_title":"Camelia Miron - Craznic","og_url":"https:\/\/craznic.ro\/en\/echipa\/camelia-miron\/","og_site_name":"Craznic","article_modified_time":"2026-03-31T13:12:34+00:00","twitter_card":"summary_large_image","twitter_misc":{"Est. reading time":"1 minute"},"schema":{"@context":"https:\/\/schema.org","@graph":[{"@type":"WebPage","@id":"https:\/\/craznic.ro\/echipa\/camelia-miron\/","url":"https:\/\/craznic.ro\/echipa\/camelia-miron\/","name":"Camelia Miron - Craznic","isPartOf":{"@id":"https:\/\/craznic.ro\/#website"},"datePublished":"2021-08-26T14:48:13+00:00","dateModified":"2026-03-31T13:12:34+00:00","breadcrumb":{"@id":"https:\/\/craznic.ro\/echipa\/camelia-miron\/#breadcrumb"},"inLanguage":"en-US","potentialAction":[{"@type":"ReadAction","target":["https:\/\/craznic.ro\/echipa\/camelia-miron\/"]}]},{"@type":"BreadcrumbList","@id":"https:\/\/craznic.ro\/echipa\/camelia-miron\/#breadcrumb","itemListElement":[{"@type":"ListItem","position":1,"name":"Home","item":"https:\/\/craznic.ro\/"},{"@type":"ListItem","position":2,"name":"Echipa","item":"https:\/\/craznic.ro\/echipa\/"},{"@type":"ListItem","position":3,"name":"Camelia Miron"}]},{"@type":"WebSite","@id":"https:\/\/craznic.ro\/#website","url":"https:\/\/craznic.ro\/","name":"Cr\u00e2znic &amp; Associates - Attorneys at Law","description":"Loialitate \u0219i Profesionalism","potentialAction":[{"@type":"SearchAction","target":{"@type":"EntryPoint","urlTemplate":"https:\/\/craznic.ro\/?s={search_term_string}"},"query-input":{"@type":"PropertyValueSpecification","valueRequired":true,"valueName":"search_term_string"}}],"inLanguage":"en-US"}]}},"_links":{"self":[{"href":"https:\/\/craznic.ro\/en\/wp-json\/wp\/v2\/pages\/2067","targetHints":{"allow":["GET"]}}],"collection":[{"href":"https:\/\/craznic.ro\/en\/wp-json\/wp\/v2\/pages"}],"about":[{"href":"https:\/\/craznic.ro\/en\/wp-json\/wp\/v2\/types\/page"}],"author":[{"embeddable":true,"href":"https:\/\/craznic.ro\/en\/wp-json\/wp\/v2\/users\/4"}],"replies":[{"embeddable":true,"href":"https:\/\/craznic.ro\/en\/wp-json\/wp\/v2\/comments?post=2067"}],"version-history":[{"count":2,"href":"https:\/\/craznic.ro\/en\/wp-json\/wp\/v2\/pages\/2067\/revisions"}],"predecessor-version":[{"id":3262,"href":"https:\/\/craznic.ro\/en\/wp-json\/wp\/v2\/pages\/2067\/revisions\/3262"}],"up":[{"embeddable":true,"href":"https:\/\/craznic.ro\/en\/wp-json\/wp\/v2\/pages\/2031"}],"wp:attachment":[{"href":"https:\/\/craznic.ro\/en\/wp-json\/wp\/v2\/media?parent=2067"}],"curies":[{"name":"wp","href":"https:\/\/api.w.org\/{rel}","templated":true}]}}