{"id":2069,"date":"2021-08-26T14:51:43","date_gmt":"2021-08-26T14:51:43","guid":{"rendered":"https:\/\/craznic.ro\/?page_id=2069"},"modified":"2026-04-04T14:18:39","modified_gmt":"2026-04-04T11:18:39","slug":"robert-williams","status":"publish","type":"page","link":"https:\/\/craznic.ro\/en\/echipa\/robert-williams\/","title":{"rendered":"Robert Williams"},"content":{"rendered":"<div class=\"wpb-content-wrapper\"><div class=\"vc_row wpb_row vc_row-fluid vc_custom_1629986613518 bg-image-ps-inherit\"><div class=\"wpb_column vc_column_container vc_col-sm-4 vc_col-lg-3 vc_col-md-3\"><div class=\"vc_column-inner\"><div class=\"wpb_wrapper\">\n<div id=\"ct-team-member-2\" class=\"ct-team-member-default single-team\">\n    <div class=\"ct-team-member-inner\">\n                    <div class=\"ct-team-image\">\n                <img decoding=\"async\" class=\"\" src=\"https:\/\/craznic.ro\/wp-content\/uploads\/2026\/04\/Design-fara-titlu-400x400.png\" width=\"400\" height=\"400\" alt=\"Design f\u0103r\u0103 titlu\" title=\"Design f\u0103r\u0103 titlu\" loading=\"lazy\" \/>            <\/div>\n                <div class=\"ct-team-holder\">\n            <h3 class=\"ct-team-title\">\n                <a href=\"https:\/\/craznic.ro\/en\/echipa\/robert-williams\/\" target=\"_self\">\n                    Robert Williams                <\/a>\n            <\/h3>\n                            <div class=\"ct-team-position\">Global Media Consultant<\/div>\n                    <\/div>\n    <\/div>\n<\/div><div id=\"ct-space-69e04a32318a5\">\n\t<style type=\"text\/css\">\n\t\t\t\t\t\t\t\t\t\t\t@media screen and (max-width: 767px) {\n\t\t\t\t#ct-space-69e04a32318a5 .ct-space {\n\t\t\t\t\theight: 42px;\n\t\t\t\t}\n\t\t\t}\n\t\t\t<\/style>\n\t<div class=\"ct-space\"><\/div>\n<\/div><\/div><\/div><\/div><div class=\"wpb_column vc_column_container vc_col-sm-8 vc_col-lg-9 vc_col-md-9\"><div class=\"vc_column-inner\"><div class=\"wpb_wrapper\">\n\t<div class=\"wpb_text_column wpb_content_element vc_custom_1775167364368\" >\n\t\t<div class=\"wpb_wrapper\">\n\t\t\t<p class=\"translation-block\">Robert Williams is the editor-in-chief of the British global legal news agency Justice News247 and joined the CR\u00c2ZNIC&amp;ASSOCIATES team in April 2026, in the capacity of Global Media Consultant.<\/p>\n<p class=\"translation-block\">He has more than 30 years of experience in the media and has been accredited throughout his career to international bodies such as the United Nations and the Organization for Security and Co-operation in Europe.<\/p>\n<p>Robert is the initiator and coordinator of extensive legal education projects and communication strategies.<\/p>\n<p class=\"translation-block\">A partner of prestigious academic organizations, Robert integrates emerging technologies into modern communication, promoting excellence and ethical human\u2013AI coexistence.<\/p>\n<p class=\"translation-block\">Robert Williams combines the rigor of investigative journalism with a modern vision of technological coexistence, serving as an essential pillar in promoting excellence and professional ethics.<\/p>\n\n\t\t<\/div>\n\t<\/div>\n<div class=\"vc_row wpb_row vc_inner vc_row-fluid vc_row-o-content-middle vc_row-flex\"><div class=\"wpb_column vc_column_container vc_col-sm-8\"><div class=\"vc_column-inner\"><div class=\"wpb_wrapper\"><div class=\"ct-contact-info style1 contact-info-group\">\n\t<div class=\"contact-info-inner\">\n                    <div class=\"ct-contact-info-icon\">\n                <i class=\"fa fa-envelope\" style=\"\"><\/i>\n            <\/div>\n                <div class=\"ct-contact-info-content\" style=\"\">\n                                                    <a href=\"mailto:office@craznic.ro\">office@craznic.ro<\/a>\n                                <\/div>\n\t<\/div>\n<\/div><div class=\"ct-contact-info style1 contact-info-group\">\n\t<div class=\"contact-info-inner\">\n                <div class=\"ct-contact-info-content\" style=\"\">\n                                                                                                    <div class=\"view-map\" >\n                        <a href=\"https:\/\/craznic.ro\/wp-content\/uploads\/2026\/04\/CV-ROBERT-ENG-1-1.pdf\" target=\"_self\">\n                            <i class=\"text-gradient fa fa-street-view\"><\/i>\n                            <span>Download CV<\/span>\n                        <\/a>\n                    <\/div>\n                                    <\/div>\n\t<\/div>\n<\/div><\/div><\/div><\/div><div class=\"text-left-sm text-right wpb_column vc_column_container vc_col-sm-4\"><div class=\"vc_column-inner\"><div class=\"wpb_wrapper\"><div id=\"ct-space-69e04a3232c8e\">\n\t<style type=\"text\/css\">\n\t\t\t\t\t\t\t\t\t\t\t@media screen and (max-width: 767px) {\n\t\t\t\t#ct-space-69e04a3232c8e .ct-space {\n\t\t\t\t\theight: 12px;\n\t\t\t\t}\n\t\t\t}\n\t\t\t<\/style>\n\t<div class=\"ct-space\"><\/div>\n<\/div>    <div id=\"ct-icon\" class=\"ct-icon\">\n                    <a href=\"\" target=\"\"><i class=\"fa fa-facebook text-gradient\"><\/i><\/a>\n                    <a href=\"\" target=\"\"><i class=\"fa fa-dribbble text-gradient\"><\/i><\/a>\n                    <a href=\"\" target=\"\"><i class=\"fa fa-twitter text-gradient\"><\/i><\/a>\n                    <a href=\"\" target=\"\"><i class=\"fa fa-google-plus text-gradient\"><\/i><\/a>\n            <\/div>\n<\/div><\/div><\/div><\/div><\/div><\/div><\/div><\/div>\n<\/div>","protected":false},"excerpt":{"rendered":"Robert Williams Global Media Consultant Robert Williams este redactor-\u0219ef al agen\u021biei britanice de \u0219tiri juridice globale Justice News247 \u0219i s-a al\u0103turat echipei CR\u00c2ZNIC&amp;ASOCIA\u021aII\u00a0 \u00een aprilie 2026, \u00een calitate de Global Media Consultant. Robert are o experien\u021b\u0103 de peste 30 de ani \u00een media fiind de-a lungul carierei acreditat pe l\u00e2ng\u0103 organisme interna\u021bionale ca Organiza\u021bia Na\u021biunilor [...]","protected":false},"author":4,"featured_media":0,"parent":2031,"menu_order":6,"comment_status":"closed","ping_status":"closed","template":"","meta":{"footnotes":""},"class_list":["post-2069","page","type-page","status-publish","hentry"],"yoast_head":"<!-- This site is optimized with the Yoast SEO plugin v27.4 - https:\/\/yoast.com\/product\/yoast-seo-wordpress\/ -->\n<title>Robert Williams - Craznic<\/title>\n<meta name=\"robots\" content=\"index, follow, max-snippet:-1, max-image-preview:large, max-video-preview:-1\" \/>\n<link rel=\"canonical\" href=\"https:\/\/craznic.ro\/en\/echipa\/robert-williams\/\" \/>\n<meta property=\"og:locale\" content=\"en_US\" \/>\n<meta property=\"og:type\" content=\"article\" \/>\n<meta property=\"og:title\" content=\"Robert Williams - Craznic\" \/>\n<meta property=\"og:url\" content=\"https:\/\/craznic.ro\/en\/echipa\/robert-williams\/\" \/>\n<meta property=\"og:site_name\" content=\"Craznic\" \/>\n<meta property=\"article:modified_time\" content=\"2026-04-04T11:18:39+00:00\" \/>\n<meta name=\"twitter:card\" content=\"summary_large_image\" \/>\n<meta name=\"twitter:label1\" content=\"Est. reading time\" \/>\n\t<meta name=\"twitter:data1\" content=\"2 minutes\" \/>\n<script type=\"application\/ld+json\" class=\"yoast-schema-graph\">{\"@context\":\"https:\\\/\\\/schema.org\",\"@graph\":[{\"@type\":\"WebPage\",\"@id\":\"https:\\\/\\\/craznic.ro\\\/echipa\\\/robert-williams\\\/\",\"url\":\"https:\\\/\\\/craznic.ro\\\/echipa\\\/robert-williams\\\/\",\"name\":\"Robert Williams - Craznic\",\"isPartOf\":{\"@id\":\"https:\\\/\\\/craznic.ro\\\/#website\"},\"datePublished\":\"2021-08-26T14:51:43+00:00\",\"dateModified\":\"2026-04-04T11:18:39+00:00\",\"breadcrumb\":{\"@id\":\"https:\\\/\\\/craznic.ro\\\/echipa\\\/robert-williams\\\/#breadcrumb\"},\"inLanguage\":\"en-US\",\"potentialAction\":[{\"@type\":\"ReadAction\",\"target\":[\"https:\\\/\\\/craznic.ro\\\/echipa\\\/robert-williams\\\/\"]}]},{\"@type\":\"BreadcrumbList\",\"@id\":\"https:\\\/\\\/craznic.ro\\\/echipa\\\/robert-williams\\\/#breadcrumb\",\"itemListElement\":[{\"@type\":\"ListItem\",\"position\":1,\"name\":\"Home\",\"item\":\"https:\\\/\\\/craznic.ro\\\/\"},{\"@type\":\"ListItem\",\"position\":2,\"name\":\"Echipa\",\"item\":\"https:\\\/\\\/craznic.ro\\\/echipa\\\/\"},{\"@type\":\"ListItem\",\"position\":3,\"name\":\"Robert Williams\"}]},{\"@type\":\"WebSite\",\"@id\":\"https:\\\/\\\/craznic.ro\\\/#website\",\"url\":\"https:\\\/\\\/craznic.ro\\\/\",\"name\":\"SCPA Cr\u00e2znic \u0219i Asocia\u021bii\",\"description\":\"Loialitate \u0219i Profesionalism\",\"potentialAction\":[{\"@type\":\"SearchAction\",\"target\":{\"@type\":\"EntryPoint\",\"urlTemplate\":\"https:\\\/\\\/craznic.ro\\\/?s={search_term_string}\"},\"query-input\":{\"@type\":\"PropertyValueSpecification\",\"valueRequired\":true,\"valueName\":\"search_term_string\"}}],\"inLanguage\":\"en-US\"}]}<\/script>\n<!-- \/ Yoast SEO plugin. -->","yoast_head_json":{"title":"Robert Williams - Craznic","robots":{"index":"index","follow":"follow","max-snippet":"max-snippet:-1","max-image-preview":"max-image-preview:large","max-video-preview":"max-video-preview:-1"},"canonical":"https:\/\/craznic.ro\/en\/echipa\/robert-williams\/","og_locale":"en_US","og_type":"article","og_title":"Robert Williams - Craznic","og_url":"https:\/\/craznic.ro\/en\/echipa\/robert-williams\/","og_site_name":"Craznic","article_modified_time":"2026-04-04T11:18:39+00:00","twitter_card":"summary_large_image","twitter_misc":{"Est. reading time":"2 minutes"},"schema":{"@context":"https:\/\/schema.org","@graph":[{"@type":"WebPage","@id":"https:\/\/craznic.ro\/echipa\/robert-williams\/","url":"https:\/\/craznic.ro\/echipa\/robert-williams\/","name":"Robert Williams - Craznic","isPartOf":{"@id":"https:\/\/craznic.ro\/#website"},"datePublished":"2021-08-26T14:51:43+00:00","dateModified":"2026-04-04T11:18:39+00:00","breadcrumb":{"@id":"https:\/\/craznic.ro\/echipa\/robert-williams\/#breadcrumb"},"inLanguage":"en-US","potentialAction":[{"@type":"ReadAction","target":["https:\/\/craznic.ro\/echipa\/robert-williams\/"]}]},{"@type":"BreadcrumbList","@id":"https:\/\/craznic.ro\/echipa\/robert-williams\/#breadcrumb","itemListElement":[{"@type":"ListItem","position":1,"name":"Home","item":"https:\/\/craznic.ro\/"},{"@type":"ListItem","position":2,"name":"Echipa","item":"https:\/\/craznic.ro\/echipa\/"},{"@type":"ListItem","position":3,"name":"Robert Williams"}]},{"@type":"WebSite","@id":"https:\/\/craznic.ro\/#website","url":"https:\/\/craznic.ro\/","name":"Cr\u00e2znic &amp; Associates - Attorneys at Law","description":"Loialitate \u0219i Profesionalism","potentialAction":[{"@type":"SearchAction","target":{"@type":"EntryPoint","urlTemplate":"https:\/\/craznic.ro\/?s={search_term_string}"},"query-input":{"@type":"PropertyValueSpecification","valueRequired":true,"valueName":"search_term_string"}}],"inLanguage":"en-US"}]}},"_links":{"self":[{"href":"https:\/\/craznic.ro\/en\/wp-json\/wp\/v2\/pages\/2069","targetHints":{"allow":["GET"]}}],"collection":[{"href":"https:\/\/craznic.ro\/en\/wp-json\/wp\/v2\/pages"}],"about":[{"href":"https:\/\/craznic.ro\/en\/wp-json\/wp\/v2\/types\/page"}],"author":[{"embeddable":true,"href":"https:\/\/craznic.ro\/en\/wp-json\/wp\/v2\/users\/4"}],"replies":[{"embeddable":true,"href":"https:\/\/craznic.ro\/en\/wp-json\/wp\/v2\/comments?post=2069"}],"version-history":[{"count":3,"href":"https:\/\/craznic.ro\/en\/wp-json\/wp\/v2\/pages\/2069\/revisions"}],"predecessor-version":[{"id":3325,"href":"https:\/\/craznic.ro\/en\/wp-json\/wp\/v2\/pages\/2069\/revisions\/3325"}],"up":[{"embeddable":true,"href":"https:\/\/craznic.ro\/en\/wp-json\/wp\/v2\/pages\/2031"}],"wp:attachment":[{"href":"https:\/\/craznic.ro\/en\/wp-json\/wp\/v2\/media?parent=2069"}],"curies":[{"name":"wp","href":"https:\/\/api.w.org\/{rel}","templated":true}]}}