{"id":2081,"date":"2021-08-26T15:39:55","date_gmt":"2021-08-26T15:39:55","guid":{"rendered":"https:\/\/craznic.ro\/?page_id=2081"},"modified":"2022-05-08T12:15:32","modified_gmt":"2022-05-08T09:15:32","slug":"cariera","status":"publish","type":"page","link":"https:\/\/craznic.ro\/en\/cariera\/","title":{"rendered":"Career"},"content":{"rendered":"<div class=\"wpb-content-wrapper\"><div class=\"vc_row wpb_row vc_row-fluid bg-image-ps-inherit\"><div class=\"wpb_column vc_column_container vc_col-sm-12\"><div class=\"vc_column-inner vc_custom_1551758441950\"><div class=\"wpb_wrapper\"><div class=\"vc_row wpb_row vc_inner vc_row-fluid\"><div class=\"wpb_column vc_column_container vc_col-sm-3\"><div class=\"vc_column-inner\"><div class=\"wpb_wrapper\"><\/div><\/div><\/div><div class=\"wpb_column vc_column_container vc_col-sm-6 rm-padding-lg\"><div class=\"vc_column-inner vc_custom_1551756788335\"><div class=\"wpb_wrapper\"><div id=\"ct-heading\" class=\"ct-heading  style1 align-center align-center-md align-center-sm align-center-xs\">\n    \n            <style type=\"text\/css\">\n            @media (min-width: 768px) and (max-width: 991px) {\n                #ct-heading .ct-heading-tag {\n                                            font-size: 24px !important;\n                                                        }\n            }\n        <\/style>\n    \n            <style type=\"text\/css\">\n            @media screen and (max-width: 767px) {\n                #ct-heading .ct-heading-tag {\n                                            font-size: 24px !important;\n                                                        }\n            }\n        <\/style>\n                <h3 class=\"ct-heading-tag\" style=\"margin-bottom:0px; \">\n                                    Join <cite>our<\/cite> team.                        <\/h3>\n            <div class=\"h-gap\">\n            <span>\n                <i ><\/i>\n                <i ><\/i>\n                <i ><\/i>\n                <i ><\/i>\n            <\/span>\n        <\/div>\n                <div class=\"ct-heading-desc fw-inherit\" >A good team can always become better.<br \/>\nWe are open to receiving new young attorneys at law eager to work in an auspicious environment where they can evolve professionally.<\/div>\n    <\/div>\n\t<div class=\"wpb_text_column wpb_content_element\" >\n\t\t<div class=\"wpb_wrapper\">\n\t\t\t<p style=\"text-align: center;\">Apply with your CV at <strong><span style=\"color: #000000;\"><a style=\"color: #000000;\" href=\"mailto:flavius@craznic.ro\">flavius@craznic.ro<\/a><\/span><\/strong><\/p>\n\n\t\t<\/div>\n\t<\/div>\n<\/div><\/div><\/div><div class=\"wpb_column vc_column_container vc_col-sm-3\"><div class=\"vc_column-inner\"><div class=\"wpb_wrapper\"><\/div><\/div><\/div><\/div><div class=\"vc_row wpb_row vc_inner vc_row-fluid vc_custom_1629992376531\"><div class=\"wpb_column vc_column_container vc_col-sm-2\"><div class=\"vc_column-inner\"><div class=\"wpb_wrapper\"><\/div><\/div><\/div><div class=\"wpb_column vc_column_container vc_col-sm-8\"><div class=\"vc_column-inner\"><div class=\"wpb_wrapper\">    <div class=\"ct-contact-form-default   style5\">\n        <div class=\"ct-contact-form-inner\">\n        \t            \n<div class=\"wpcf7 no-js\" id=\"wpcf7-f2093-o1\" lang=\"en-US\" dir=\"ltr\" data-wpcf7-id=\"2093\">\n<div class=\"screen-reader-response\"><p role=\"status\" aria-live=\"polite\" aria-atomic=\"true\"><\/p> <ul><\/ul><\/div>\n<form action=\"\/en\/wp-json\/wp\/v2\/pages\/2081#wpcf7-f2093-o1\" method=\"post\" class=\"wpcf7-form init\" aria-label=\"Contact form\" enctype=\"multipart\/form-data\" novalidate=\"novalidate\" data-status=\"init\" data-trp-original-action=\"\/en\/wp-json\/wp\/v2\/pages\/2081#wpcf7-f2093-o1\">\n<fieldset class=\"hidden-fields-container\"><input type=\"hidden\" name=\"_wpcf7\" value=\"2093\" \/><input type=\"hidden\" name=\"_wpcf7_version\" value=\"6.1.5\" \/><input type=\"hidden\" name=\"_wpcf7_locale\" value=\"en_US\" \/><input type=\"hidden\" name=\"_wpcf7_unit_tag\" value=\"wpcf7-f2093-o1\" \/><input type=\"hidden\" name=\"_wpcf7_container_post\" value=\"0\" \/><input type=\"hidden\" name=\"_wpcf7_posted_data_hash\" value=\"\" \/><input type=\"hidden\" name=\"_wpcf7_recaptcha_response\" value=\"\" \/>\n<\/fieldset>\n<div class=\"row\">\n\t<div class=\"col-md-12 col-lg-6 col-xl-6\">\n\t\t<div class=\"input-filled\">\n\t\t\t<p><span class=\"wpcf7-form-control-wrap\" data-name=\"first-name\"><input size=\"40\" maxlength=\"400\" class=\"wpcf7-form-control wpcf7-text wpcf7-validates-as-required\" aria-required=\"true\" aria-invalid=\"false\" placeholder=\"First Name\" value=\"\" type=\"text\" name=\"first-name\" \/><\/span>\n\t\t\t<\/p>\n\t\t<\/div>\n\t<\/div>\n\t<div class=\"col-md-12 col-lg-6 col-xl-6\">\n\t\t<div class=\"input-filled\">\n\t\t\t<p><span class=\"wpcf7-form-control-wrap\" data-name=\"last-name\"><input size=\"40\" maxlength=\"400\" class=\"wpcf7-form-control wpcf7-text wpcf7-validates-as-required\" aria-required=\"true\" aria-invalid=\"false\" placeholder=\"Last Name\" value=\"\" type=\"text\" name=\"last-name\" \/><\/span>\n\t\t\t<\/p>\n\t\t<\/div>\n\t<\/div>\n<\/div>\n<div class=\"row\">\n\t<div class=\"col-md-12 col-lg-6 col-xl-6\">\n\t\t<div class=\"input-filled\">\n\t\t\t<p><span class=\"wpcf7-form-control-wrap\" data-name=\"your-phone\"><input size=\"40\" maxlength=\"400\" class=\"wpcf7-form-control wpcf7-tel wpcf7-validates-as-required wpcf7-text wpcf7-validates-as-tel\" aria-required=\"true\" aria-invalid=\"false\" placeholder=\"Phone\" value=\"\" type=\"tel\" name=\"your-phone\" \/><\/span>\n\t\t\t<\/p>\n\t\t<\/div>\n\t<\/div>\n\t<div class=\"col-md-12 col-lg-6 col-xl-6\">\n\t\t<div class=\"input-filled\">\n\t\t\t<p><span class=\"wpcf7-form-control-wrap\" data-name=\"your-email\"><input size=\"40\" maxlength=\"400\" class=\"wpcf7-form-control wpcf7-email wpcf7-validates-as-required wpcf7-text wpcf7-validates-as-email\" aria-required=\"true\" aria-invalid=\"false\" placeholder=\"Email\" value=\"\" type=\"email\" name=\"your-email\" \/><\/span>\n\t\t\t<\/p>\n\t\t<\/div>\n\t<\/div>\n<\/div>\n<div class=\"row\">\n\t<div class=\"col-12\">\n\t\t<div class=\"select-filled\">\n\t\t\t<p><span class=\"wpcf7-form-control-wrap\" data-name=\"menu-567\"><select class=\"wpcf7-form-control wpcf7-select wpcf7-validates-as-required\" aria-required=\"true\" aria-invalid=\"false\" name=\"menu-567\"><option value=\"Selecteaz\u0103 Cariera\">Select a Career<\/option><option value=\"Avocat\">Senior Associate<\/option><option value=\"Personal Administrativ\">Administrative Personell<\/option><\/select><\/span>\n\t\t\t<\/p>\n\t\t<\/div>\n\t<\/div>\n<\/div>\n<div class=\"row\">\n\t<div class=\"col-12\">\n\t\t<p><label for=\"cv-file\" class=\"field-label\">\u00cencarc\u0103 CV - Formate acceptate: PDF, DOC, DOCX, PNG, JPG (max. 10MB)<\/label>\n\t\t<\/p>\n\t\t<div class=\"select-filled\">\n\t\t\t<p><span class=\"wpcf7-form-control-wrap\" data-name=\"cv\"><input size=\"40\" class=\"wpcf7-form-control wpcf7-file wpcf7-validates-as-required\" id=\"cv-file\" accept=\".pdf,.doc,.docx,.png,.jpg\" aria-required=\"true\" aria-invalid=\"false\" type=\"file\" name=\"cv\" \/><\/span>\n\t\t\t<\/p>\n\t\t<\/div>\n\t<\/div>\n<\/div>\n<div class=\"row\">\n\t<div class=\"col-12\">\n\t\t<div class=\"input-filled\">\n\t\t\t<p><span class=\"wpcf7-form-control-wrap\" data-name=\"mesaj\"><textarea cols=\"40\" rows=\"4\" maxlength=\"2000\" class=\"wpcf7-form-control wpcf7-textarea wpcf7-validates-as-required\" id=\"mesaj\" aria-required=\"true\" aria-invalid=\"false\" placeholder=\"Scrie mesajul t\u0103u\" name=\"mesaj\"><\/textarea><\/span>\n\t\t\t<\/p>\n\t\t<\/div>\n\t<\/div>\n<\/div>\n<div class=\"col-12\">\n\t<div class=\"input-filled\">\n\t\t<p><input class=\"wpcf7-form-control wpcf7-submit has-spinner btn\" type=\"submit\" value=\"Apply\" \/>\n\t\t<\/p>\n\t<\/div>\n<\/div>\n<style>\n#cv-file { min-width: 100% !important; }\n.field-label { display:block; margin:0 0 8px; font-weight:600; }\n}\n<\/style><div class=\"wpcf7-response-output\" aria-hidden=\"true\"><\/div>\n<input type=\"hidden\" name=\"trp-form-language\" value=\"en\"\/><\/form>\n<\/div>\n        <\/div>\n    <\/div>\n<\/div><\/div><\/div><div class=\"wpb_column vc_column_container vc_col-sm-2\"><div class=\"vc_column-inner\"><div class=\"wpb_wrapper\"><\/div><\/div><\/div><\/div><\/div><\/div><\/div><\/div>\n<\/div>","protected":false},"excerpt":{"rendered":"Al\u0103tur\u0103-te echipei noastre. O echip\u0103 bun\u0103 poate deveni \u00eentotdeauna mai bun\u0103. Suntem deschi\u0219i s\u0103 primim al\u0103turi de noi tineri avoca\u021bi dornici s\u0103 lucreze \u00eentr-un mediu propice \u00een care pot evolua profesional. A\u0219tept\u0103m CV-urile la adresa flavius@craznic.ro Selecteaz\u0103 CarieraAvocatPersonal Administrativ \u00cencarc\u0103 CV - Formate acceptate: PDF, DOC, DOCX, PNG, JPG (max. 10MB)","protected":false},"author":4,"featured_media":0,"parent":0,"menu_order":0,"comment_status":"closed","ping_status":"closed","template":"","meta":{"footnotes":""},"class_list":["post-2081","page","type-page","status-publish","hentry"],"yoast_head":"<!-- This site is optimized with the Yoast SEO plugin v27.5 - https:\/\/yoast.com\/product\/yoast-seo-wordpress\/ -->\n<title>Carier\u0103 - Craznic<\/title>\n<meta name=\"description\" content=\"cariere juridice avocati\" \/>\n<meta name=\"robots\" content=\"index, follow, max-snippet:-1, max-image-preview:large, max-video-preview:-1\" \/>\n<link rel=\"canonical\" href=\"https:\/\/craznic.ro\/en\/cariera\/\" \/>\n<meta property=\"og:locale\" content=\"en_US\" \/>\n<meta property=\"og:type\" content=\"article\" \/>\n<meta property=\"og:title\" content=\"Carier\u0103 - Craznic\" \/>\n<meta property=\"og:description\" content=\"cariere juridice avocati\" \/>\n<meta property=\"og:url\" content=\"https:\/\/craznic.ro\/en\/cariera\/\" \/>\n<meta property=\"og:site_name\" content=\"Craznic\" \/>\n<meta property=\"article:modified_time\" content=\"2022-05-08T09:15:32+00:00\" \/>\n<meta name=\"twitter:card\" content=\"summary_large_image\" \/>\n<meta name=\"twitter:label1\" content=\"Est. reading time\" \/>\n\t<meta name=\"twitter:data1\" content=\"1 minute\" \/>\n<script type=\"application\/ld+json\" class=\"yoast-schema-graph\">{\"@context\":\"https:\\\/\\\/schema.org\",\"@graph\":[{\"@type\":\"WebPage\",\"@id\":\"https:\\\/\\\/craznic.ro\\\/cariera\\\/\",\"url\":\"https:\\\/\\\/craznic.ro\\\/cariera\\\/\",\"name\":\"Carier\u0103 - Craznic\",\"isPartOf\":{\"@id\":\"https:\\\/\\\/craznic.ro\\\/#website\"},\"datePublished\":\"2021-08-26T15:39:55+00:00\",\"dateModified\":\"2022-05-08T09:15:32+00:00\",\"description\":\"cariere juridice avocati\",\"breadcrumb\":{\"@id\":\"https:\\\/\\\/craznic.ro\\\/cariera\\\/#breadcrumb\"},\"inLanguage\":\"en-US\",\"potentialAction\":[{\"@type\":\"ReadAction\",\"target\":[\"https:\\\/\\\/craznic.ro\\\/cariera\\\/\"]}]},{\"@type\":\"BreadcrumbList\",\"@id\":\"https:\\\/\\\/craznic.ro\\\/cariera\\\/#breadcrumb\",\"itemListElement\":[{\"@type\":\"ListItem\",\"position\":1,\"name\":\"Home\",\"item\":\"https:\\\/\\\/craznic.ro\\\/\"},{\"@type\":\"ListItem\",\"position\":2,\"name\":\"Carier\u0103\"}]},{\"@type\":\"WebSite\",\"@id\":\"https:\\\/\\\/craznic.ro\\\/#website\",\"url\":\"https:\\\/\\\/craznic.ro\\\/\",\"name\":\"SCPA Cr\u00e2znic \u0219i Asocia\u021bii\",\"description\":\"Loialitate \u0219i Profesionalism\",\"potentialAction\":[{\"@type\":\"SearchAction\",\"target\":{\"@type\":\"EntryPoint\",\"urlTemplate\":\"https:\\\/\\\/craznic.ro\\\/?s={search_term_string}\"},\"query-input\":{\"@type\":\"PropertyValueSpecification\",\"valueRequired\":true,\"valueName\":\"search_term_string\"}}],\"inLanguage\":\"en-US\"}]}<\/script>\n<!-- \/ Yoast SEO plugin. -->","yoast_head_json":{"title":"Carier\u0103 - Craznic","description":"cariere juridice avocati","robots":{"index":"index","follow":"follow","max-snippet":"max-snippet:-1","max-image-preview":"max-image-preview:large","max-video-preview":"max-video-preview:-1"},"canonical":"https:\/\/craznic.ro\/en\/cariera\/","og_locale":"en_US","og_type":"article","og_title":"Carier\u0103 - Craznic","og_description":"cariere juridice avocati","og_url":"https:\/\/craznic.ro\/en\/cariera\/","og_site_name":"Craznic","article_modified_time":"2022-05-08T09:15:32+00:00","twitter_card":"summary_large_image","twitter_misc":{"Est. reading time":"1 minute"},"schema":{"@context":"https:\/\/schema.org","@graph":[{"@type":"WebPage","@id":"https:\/\/craznic.ro\/cariera\/","url":"https:\/\/craznic.ro\/cariera\/","name":"Carier\u0103 - Craznic","isPartOf":{"@id":"https:\/\/craznic.ro\/#website"},"datePublished":"2021-08-26T15:39:55+00:00","dateModified":"2022-05-08T09:15:32+00:00","description":"cariere juridice avocati","breadcrumb":{"@id":"https:\/\/craznic.ro\/cariera\/#breadcrumb"},"inLanguage":"en-US","potentialAction":[{"@type":"ReadAction","target":["https:\/\/craznic.ro\/cariera\/"]}]},{"@type":"BreadcrumbList","@id":"https:\/\/craznic.ro\/cariera\/#breadcrumb","itemListElement":[{"@type":"ListItem","position":1,"name":"Home","item":"https:\/\/craznic.ro\/"},{"@type":"ListItem","position":2,"name":"Carier\u0103"}]},{"@type":"WebSite","@id":"https:\/\/craznic.ro\/#website","url":"https:\/\/craznic.ro\/","name":"Cr\u00e2znic &amp; Associates - Attorneys at Law","description":"Loialitate \u0219i Profesionalism","potentialAction":[{"@type":"SearchAction","target":{"@type":"EntryPoint","urlTemplate":"https:\/\/craznic.ro\/?s={search_term_string}"},"query-input":{"@type":"PropertyValueSpecification","valueRequired":true,"valueName":"search_term_string"}}],"inLanguage":"en-US"}]}},"_links":{"self":[{"href":"https:\/\/craznic.ro\/en\/wp-json\/wp\/v2\/pages\/2081","targetHints":{"allow":["GET"]}}],"collection":[{"href":"https:\/\/craznic.ro\/en\/wp-json\/wp\/v2\/pages"}],"about":[{"href":"https:\/\/craznic.ro\/en\/wp-json\/wp\/v2\/types\/page"}],"author":[{"embeddable":true,"href":"https:\/\/craznic.ro\/en\/wp-json\/wp\/v2\/users\/4"}],"replies":[{"embeddable":true,"href":"https:\/\/craznic.ro\/en\/wp-json\/wp\/v2\/comments?post=2081"}],"version-history":[{"count":0,"href":"https:\/\/craznic.ro\/en\/wp-json\/wp\/v2\/pages\/2081\/revisions"}],"wp:attachment":[{"href":"https:\/\/craznic.ro\/en\/wp-json\/wp\/v2\/media?parent=2081"}],"curies":[{"name":"wp","href":"https:\/\/api.w.org\/{rel}","templated":true}]}}