{"id":2327,"date":"2021-09-21T10:18:34","date_gmt":"2021-09-21T10:18:34","guid":{"rendered":"https:\/\/craznic.ro\/?page_id=2327"},"modified":"2026-04-06T08:44:56","modified_gmt":"2026-04-06T05:44:56","slug":"liviu-vasilescu","status":"publish","type":"page","link":"https:\/\/craznic.ro\/en\/echipa\/liviu-vasilescu\/","title":{"rendered":"Liviu Vasilescu"},"content":{"rendered":"<div class=\"wpb-content-wrapper\"><div class=\"vc_row wpb_row vc_row-fluid vc_custom_1629986613518 bg-image-ps-inherit\"><div class=\"wpb_column vc_column_container vc_col-sm-4 vc_col-lg-3 vc_col-md-3\"><div class=\"vc_column-inner\"><div class=\"wpb_wrapper\">\n<div id=\"ct-team-member\" class=\"ct-team-member-default single-team\">\n    <div class=\"ct-team-member-inner\">\n                    <div class=\"ct-team-image\">\n                <img decoding=\"async\" class=\"\" src=\"https:\/\/craznic.ro\/wp-content\/uploads\/2026\/04\/site-1-1-e1775454162296-400x400.png\" width=\"400\" height=\"400\" alt=\"site (1)\" title=\"site (1)\" loading=\"lazy\" \/>            <\/div>\n                <div class=\"ct-team-holder\">\n            <h3 class=\"ct-team-title\">\n                <a href=\"https:\/\/craznic.ro\/en\/echipa\/liviu-vasilescu\/\" target=\"_self\">\n                    Liviu Vasilescu                <\/a>\n            <\/h3>\n                            <div class=\"ct-team-position\">Senior Advisor<\/div>\n                    <\/div>\n    <\/div>\n<\/div><div id=\"ct-space-69f8d3c2cab31\">\n\t<style type=\"text\/css\">\n\t\t\t\t\t\t\t\t\t\t\t@media screen and (max-width: 767px) {\n\t\t\t\t#ct-space-69f8d3c2cab31 .ct-space {\n\t\t\t\t\theight: 42px;\n\t\t\t\t}\n\t\t\t}\n\t\t\t<\/style>\n\t<div class=\"ct-space\"><\/div>\n<\/div><\/div><\/div><\/div><div class=\"wpb_column vc_column_container vc_col-sm-8 vc_col-lg-9 vc_col-md-9\"><div class=\"vc_column-inner\"><div class=\"wpb_wrapper\">\n\t<div class=\"wpb_text_column wpb_content_element vc_custom_1774305854225\" >\n\t\t<div class=\"wpb_wrapper\">\n\t\t\t<p class=\"translation-block\">Liviu Vasilescu \u2013 former Chief of the Romanian Police \u2013 is Senior Advisor for Forensic Investigations &amp; Litigation Support within CR\u00c2ZNIC&amp;ASSOCIATES \u2013 ATTORNEYS AT LAW, a role in which he combines the operational expertise gained in law enforcement structures with a deep understanding of procedural mechanisms.<\/p>\n<p class=\"translation-block\">With more than three decades of experience in the Romanian Police and in leading law enforcement structures and operational strategy, Liviu Vasilescu brings to CR\u00c2ZNIC&amp;ASSOCIATES \u2013 ATTORNEYS AT LAW extensive expertise in complex investigations, institutional compliance, risk management, and crisis response. His experience includes coordinating national and international investigations and supervising the operational structures of the Romanian Police.<\/p>\n<p class=\"translation-block\">Within CR\u00c2ZNIC&amp;ASSOCIATES \u2013 ATTORNEYS AT LAW Liviu Vasilescu will provide strategic support in areas involving internal investigations, compliance, litigation risk assessment, and cross\u2011border regulatory matters, contributing to the delivery of efficient and secure legal services for both domestic clients and multinational companies pursuing complex investments in Romania.<\/p>\n<p class=\"translation-block\">His role is strictly consultative and does not include legal assistance or representation of clients.<\/p>\n<p class=\"translation-block\">His appointment reflects the firm\u2019s commitment to offering multidisciplinary support to corporate and institutional clients operating in highly regulated and risk\u2011exposed sectors, and contributes to delivering high\u2011quality legal services in litigation, regulatory matters, and corporate advisory, as well as strategic, results\u2011oriented solutions for both local and international clients.<\/p>\n<p class=\"translation-block\">A retired Lieutenant General of the Ministry of Internal Affairs, Liviu has held some of the most important leadership positions within the Romanian Police, including Inspector General of the Romanian Police and Director General of the General Anticorruption Directorate. Throughout his career, he coordinated specialized structures focused on combating organized crime, managing operational situations, and implementing national and international strategic projects.<\/p>\n<p>His professional background includes studies in engineering, police law, security, and good governance, as well as numerous specialization programs in collaboration with institutions such as the FBI, DEA, U.S. Customs, BKA, and other international agencies. He has been involved in the development of European and transatlantic projects, contributing to the modernization of the operational capabilities of the Romanian Police.<\/p>\n<p class=\"translation-block\">For his activity, Liviu has been awarded numerous orders and honorary distinctions by Romanian and international institutions.<\/p>\n<p class=\"translation-block\">Within CR\u00c2ZNIC&amp;ASSOCIATES \u2013 ATTORNEYS AT LAW, Liviu Vasilescu leverages his extensive experience to support complex investigations, litigation, and strategic analysis projects, offering high\u2011level expertise in investigations and compliance.<\/p>\n\n\t\t<\/div>\n\t<\/div>\n<div class=\"vc_row wpb_row vc_inner vc_row-fluid vc_row-o-content-middle vc_row-flex\"><div class=\"wpb_column vc_column_container vc_col-sm-8\"><div class=\"vc_column-inner\"><div class=\"wpb_wrapper\"><div class=\"ct-contact-info style1 contact-info-group\">\n\t<div class=\"contact-info-inner\">\n                    <div class=\"ct-contact-info-icon\">\n                <i class=\"fa fa-envelope\" style=\"\"><\/i>\n            <\/div>\n                <div class=\"ct-contact-info-content\" style=\"\">\n                                                    <a href=\"mailto:office@craznic.ro\">office@craznic.ro<\/a>\n                                <\/div>\n\t<\/div>\n<\/div><div class=\"ct-contact-info style1\">\n\t<div class=\"contact-info-inner\">\n                <div class=\"ct-contact-info-content\" style=\"\">\n                                                                                                    <div class=\"view-map\" >\n                        <a href=\"https:\/\/craznic.ro\/wp-content\/uploads\/2026\/03\/CV-LIVIU-VASILESCU-ENG.pdf\" target=\"_self\">\n                            <i class=\"text-gradient fa fa-street-view\"><\/i>\n                            <span>Download CV<\/span>\n                        <\/a>\n                    <\/div>\n                                    <\/div>\n\t<\/div>\n<\/div><\/div><\/div><\/div><div class=\"text-left-sm text-right wpb_column vc_column_container vc_col-sm-4\"><div class=\"vc_column-inner\"><div class=\"wpb_wrapper\"><div id=\"ct-space-69f8d3c2cb866\">\n\t<style type=\"text\/css\">\n\t\t\t\t\t\t\t\t\t\t\t@media screen and (max-width: 767px) {\n\t\t\t\t#ct-space-69f8d3c2cb866 .ct-space {\n\t\t\t\t\theight: 12px;\n\t\t\t\t}\n\t\t\t}\n\t\t\t<\/style>\n\t<div class=\"ct-space\"><\/div>\n<\/div>    <div id=\"ct-icon\" class=\"ct-icon\">\n                    <a href=\"\" target=\"\"><i class=\"fa fa-facebook text-gradient\"><\/i><\/a>\n                    <a href=\"\" target=\"\"><i class=\"fa fa-dribbble text-gradient\"><\/i><\/a>\n                    <a href=\"\" target=\"\"><i class=\"fa fa-twitter text-gradient\"><\/i><\/a>\n                    <a href=\"\" target=\"\"><i class=\"fa fa-google-plus text-gradient\"><\/i><\/a>\n            <\/div>\n<\/div><\/div><\/div><\/div><\/div><\/div><\/div><\/div>\n<\/div>","protected":false},"excerpt":{"rendered":"Liviu Vasilescu Senior Advisor Liviu Vasilescu -\u00a0 fostul \u0219ef al Poli\u021biei Rom\u00e2ne - \u00a0este Senior Advisor Forensic Investigations &amp; Litigation Support \u00een cadrul CR\u00c2ZNIC \u0218I ASOCIA\u021aII \u2013 Societate Civil\u0103 de Avoca\u021bi, rol \u00een care \u00eembin\u0103 expertiza opera\u021bional\u0103 acumulat\u0103 \u00een structurile de aplicare a legii cu o \u00een\u021belegerea profund\u0103 a mecanismelor procedurale. Cu o experien\u021b\u0103 de [...]","protected":false},"author":4,"featured_media":0,"parent":2031,"menu_order":6,"comment_status":"closed","ping_status":"closed","template":"","meta":{"footnotes":""},"class_list":["post-2327","page","type-page","status-publish","hentry"],"yoast_head":"<!-- This site is optimized with the Yoast SEO plugin v27.5 - https:\/\/yoast.com\/product\/yoast-seo-wordpress\/ -->\n<title>Liviu Vasilescu - Craznic<\/title>\n<meta name=\"robots\" content=\"index, follow, max-snippet:-1, max-image-preview:large, max-video-preview:-1\" \/>\n<link rel=\"canonical\" href=\"https:\/\/craznic.ro\/en\/echipa\/liviu-vasilescu\/\" \/>\n<meta property=\"og:locale\" content=\"en_US\" \/>\n<meta property=\"og:type\" content=\"article\" \/>\n<meta property=\"og:title\" content=\"Liviu Vasilescu - Craznic\" \/>\n<meta property=\"og:url\" content=\"https:\/\/craznic.ro\/en\/echipa\/liviu-vasilescu\/\" \/>\n<meta property=\"og:site_name\" content=\"Craznic\" \/>\n<meta property=\"article:modified_time\" content=\"2026-04-06T05:44:56+00:00\" \/>\n<meta name=\"twitter:card\" content=\"summary_large_image\" \/>\n<meta name=\"twitter:label1\" content=\"Est. reading time\" \/>\n\t<meta name=\"twitter:data1\" content=\"1 minute\" \/>\n<script type=\"application\/ld+json\" class=\"yoast-schema-graph\">{\"@context\":\"https:\\\/\\\/schema.org\",\"@graph\":[{\"@type\":\"WebPage\",\"@id\":\"https:\\\/\\\/craznic.ro\\\/echipa\\\/liviu-vasilescu\\\/\",\"url\":\"https:\\\/\\\/craznic.ro\\\/echipa\\\/liviu-vasilescu\\\/\",\"name\":\"Liviu Vasilescu - Craznic\",\"isPartOf\":{\"@id\":\"https:\\\/\\\/craznic.ro\\\/#website\"},\"datePublished\":\"2021-09-21T10:18:34+00:00\",\"dateModified\":\"2026-04-06T05:44:56+00:00\",\"breadcrumb\":{\"@id\":\"https:\\\/\\\/craznic.ro\\\/echipa\\\/liviu-vasilescu\\\/#breadcrumb\"},\"inLanguage\":\"en-US\",\"potentialAction\":[{\"@type\":\"ReadAction\",\"target\":[\"https:\\\/\\\/craznic.ro\\\/echipa\\\/liviu-vasilescu\\\/\"]}]},{\"@type\":\"BreadcrumbList\",\"@id\":\"https:\\\/\\\/craznic.ro\\\/echipa\\\/liviu-vasilescu\\\/#breadcrumb\",\"itemListElement\":[{\"@type\":\"ListItem\",\"position\":1,\"name\":\"Home\",\"item\":\"https:\\\/\\\/craznic.ro\\\/\"},{\"@type\":\"ListItem\",\"position\":2,\"name\":\"Echipa\",\"item\":\"https:\\\/\\\/craznic.ro\\\/echipa\\\/\"},{\"@type\":\"ListItem\",\"position\":3,\"name\":\"Liviu Vasilescu\"}]},{\"@type\":\"WebSite\",\"@id\":\"https:\\\/\\\/craznic.ro\\\/#website\",\"url\":\"https:\\\/\\\/craznic.ro\\\/\",\"name\":\"SCPA Cr\u00e2znic \u0219i Asocia\u021bii\",\"description\":\"Loialitate \u0219i Profesionalism\",\"potentialAction\":[{\"@type\":\"SearchAction\",\"target\":{\"@type\":\"EntryPoint\",\"urlTemplate\":\"https:\\\/\\\/craznic.ro\\\/?s={search_term_string}\"},\"query-input\":{\"@type\":\"PropertyValueSpecification\",\"valueRequired\":true,\"valueName\":\"search_term_string\"}}],\"inLanguage\":\"en-US\"}]}<\/script>\n<!-- \/ Yoast SEO plugin. -->","yoast_head_json":{"title":"Liviu Vasilescu - Craznic","robots":{"index":"index","follow":"follow","max-snippet":"max-snippet:-1","max-image-preview":"max-image-preview:large","max-video-preview":"max-video-preview:-1"},"canonical":"https:\/\/craznic.ro\/en\/echipa\/liviu-vasilescu\/","og_locale":"en_US","og_type":"article","og_title":"Liviu Vasilescu - Craznic","og_url":"https:\/\/craznic.ro\/en\/echipa\/liviu-vasilescu\/","og_site_name":"Craznic","article_modified_time":"2026-04-06T05:44:56+00:00","twitter_card":"summary_large_image","twitter_misc":{"Est. reading time":"1 minute"},"schema":{"@context":"https:\/\/schema.org","@graph":[{"@type":"WebPage","@id":"https:\/\/craznic.ro\/echipa\/liviu-vasilescu\/","url":"https:\/\/craznic.ro\/echipa\/liviu-vasilescu\/","name":"Liviu Vasilescu - Craznic","isPartOf":{"@id":"https:\/\/craznic.ro\/#website"},"datePublished":"2021-09-21T10:18:34+00:00","dateModified":"2026-04-06T05:44:56+00:00","breadcrumb":{"@id":"https:\/\/craznic.ro\/echipa\/liviu-vasilescu\/#breadcrumb"},"inLanguage":"en-US","potentialAction":[{"@type":"ReadAction","target":["https:\/\/craznic.ro\/echipa\/liviu-vasilescu\/"]}]},{"@type":"BreadcrumbList","@id":"https:\/\/craznic.ro\/echipa\/liviu-vasilescu\/#breadcrumb","itemListElement":[{"@type":"ListItem","position":1,"name":"Home","item":"https:\/\/craznic.ro\/"},{"@type":"ListItem","position":2,"name":"Echipa","item":"https:\/\/craznic.ro\/echipa\/"},{"@type":"ListItem","position":3,"name":"Liviu Vasilescu"}]},{"@type":"WebSite","@id":"https:\/\/craznic.ro\/#website","url":"https:\/\/craznic.ro\/","name":"Cr\u00e2znic &amp; Associates - Attorneys at Law","description":"Loialitate \u0219i Profesionalism","potentialAction":[{"@type":"SearchAction","target":{"@type":"EntryPoint","urlTemplate":"https:\/\/craznic.ro\/?s={search_term_string}"},"query-input":{"@type":"PropertyValueSpecification","valueRequired":true,"valueName":"search_term_string"}}],"inLanguage":"en-US"}]}},"_links":{"self":[{"href":"https:\/\/craznic.ro\/en\/wp-json\/wp\/v2\/pages\/2327","targetHints":{"allow":["GET"]}}],"collection":[{"href":"https:\/\/craznic.ro\/en\/wp-json\/wp\/v2\/pages"}],"about":[{"href":"https:\/\/craznic.ro\/en\/wp-json\/wp\/v2\/types\/page"}],"author":[{"embeddable":true,"href":"https:\/\/craznic.ro\/en\/wp-json\/wp\/v2\/users\/4"}],"replies":[{"embeddable":true,"href":"https:\/\/craznic.ro\/en\/wp-json\/wp\/v2\/comments?post=2327"}],"version-history":[{"count":4,"href":"https:\/\/craznic.ro\/en\/wp-json\/wp\/v2\/pages\/2327\/revisions"}],"predecessor-version":[{"id":3352,"href":"https:\/\/craznic.ro\/en\/wp-json\/wp\/v2\/pages\/2327\/revisions\/3352"}],"up":[{"embeddable":true,"href":"https:\/\/craznic.ro\/en\/wp-json\/wp\/v2\/pages\/2031"}],"wp:attachment":[{"href":"https:\/\/craznic.ro\/en\/wp-json\/wp\/v2\/media?parent=2327"}],"curies":[{"name":"wp","href":"https:\/\/api.w.org\/{rel}","templated":true}]}}