{"id":2669,"date":"2023-01-24T20:18:11","date_gmt":"2023-01-24T17:18:11","guid":{"rendered":"https:\/\/craznic.ro\/?page_id=2669"},"modified":"2024-10-20T21:11:15","modified_gmt":"2024-10-20T18:11:15","slug":"luiza-birsan","status":"publish","type":"page","link":"https:\/\/craznic.ro\/en\/echipa\/luiza-birsan\/","title":{"rendered":"Luiza B\u00eersan"},"content":{"rendered":"<div class=\"wpb-content-wrapper\"><div class=\"vc_row wpb_row vc_row-fluid vc_custom_1629986613518 bg-image-ps-inherit\"><div class=\"wpb_column vc_column_container vc_col-sm-4 vc_col-lg-3 vc_col-md-3\"><div class=\"vc_column-inner\"><div class=\"wpb_wrapper\">\n<div id=\"ct-team-member\" class=\"ct-team-member-default single-team\">\n    <div class=\"ct-team-member-inner\">\n                    <div class=\"ct-team-image\">\n                <img decoding=\"async\" class=\"\" src=\"https:\/\/craznic.ro\/wp-content\/uploads\/2024\/07\/Luiza-Birsan-1-poza-site-scaled-e1722192557267-400x400.jpg\" width=\"400\" height=\"400\" alt=\"Luiza B\u00eersan (1) - poz\u0103 site\" title=\"Luiza B\u00eersan (1) - poz\u0103 site\" loading=\"lazy\" \/>            <\/div>\n                <div class=\"ct-team-holder\">\n            <h3 class=\"ct-team-title\">\n                <a href=\"https:\/\/craznic.ro\/en\/echipa\/luiza-birsan\/\" target=\"_self\">\n                    Luiza B\u00eersan                <\/a>\n            <\/h3>\n                            <div class=\"ct-team-position\">Senior Associate<\/div>\n                    <\/div>\n    <\/div>\n<\/div><div id=\"ct-space-69f8d3c2c5491\">\n\t<style type=\"text\/css\">\n\t\t\t\t\t\t\t\t\t\t\t@media screen and (max-width: 767px) {\n\t\t\t\t#ct-space-69f8d3c2c5491 .ct-space {\n\t\t\t\t\theight: 42px;\n\t\t\t\t}\n\t\t\t}\n\t\t\t<\/style>\n\t<div class=\"ct-space\"><\/div>\n<\/div><\/div><\/div><\/div><div class=\"wpb_column vc_column_container vc_col-sm-8 vc_col-lg-9 vc_col-md-9\"><div class=\"vc_column-inner\"><div class=\"wpb_wrapper\">\n\t<div class=\"wpb_text_column wpb_content_element vc_custom_1729446766729\" >\n\t\t<div class=\"wpb_wrapper\">\n\t\t\t<p><strong>Luiza B\u00eersan<\/strong>\u00a0is an attorney at law within\u00a0<strong><em>CR\u00c2ZNIC &amp; ASSOCIATES \u2013 Attorneys at Law<\/em><\/strong><em>, <\/em>since October 2024.<\/p>\n<p><em>\u00a0<\/em>She graduated from the Faculty of Law of the University of Bucharest and supplemented her training with internships during her years of study.<\/p>\n<p><strong>Luiza<\/strong>\u00a0was our law firm's office manager since February 2023, for 2 years.<\/p>\n<p>The organizational qualities she has demonstrated and the knowledge she has acquired are an excellent foundation and prerequisites for a successful career in law.<\/p>\n\n\t\t<\/div>\n\t<\/div>\n<div class=\"vc_row wpb_row vc_inner vc_row-fluid vc_row-o-content-middle vc_row-flex\"><div class=\"wpb_column vc_column_container vc_col-sm-8\"><div class=\"vc_column-inner\"><div class=\"wpb_wrapper\"><div class=\"ct-contact-info style1 contact-info-group\">\n\t<div class=\"contact-info-inner\">\n                    <div class=\"ct-contact-info-icon\">\n                <i class=\"fa fa-envelope\" style=\"\"><\/i>\n            <\/div>\n                <div class=\"ct-contact-info-content\" style=\"\">\n                                                    <a href=\"mailto:office1@craznic.ro\">office1@craznic.ro<\/a>\n                                <\/div>\n\t<\/div>\n<\/div><div class=\"ct-contact-info style1\">\n\t<div class=\"contact-info-inner\">\n                <div class=\"ct-contact-info-content\" style=\"\">\n                                                                                                    <div class=\"view-map\" >\n                        <a href=\"https:\/\/craznic.ro\/wp-content\/uploads\/2024\/10\/CV-en-Av.-LUIZA-BIRSAN.pdf\" target=\"_self\">\n                            <i class=\"text-gradient fa fa-street-view\"><\/i>\n                            <span>Download CV<\/span>\n                        <\/a>\n                    <\/div>\n                                    <\/div>\n\t<\/div>\n<\/div><\/div><\/div><\/div><div class=\"text-left-sm text-right wpb_column vc_column_container vc_col-sm-4\"><div class=\"vc_column-inner\"><div class=\"wpb_wrapper\"><div id=\"ct-space-69f8d3c2c6307\">\n\t<style type=\"text\/css\">\n\t\t\t\t\t\t\t\t\t\t\t@media screen and (max-width: 767px) {\n\t\t\t\t#ct-space-69f8d3c2c6307 .ct-space {\n\t\t\t\t\theight: 12px;\n\t\t\t\t}\n\t\t\t}\n\t\t\t<\/style>\n\t<div class=\"ct-space\"><\/div>\n<\/div>    <div id=\"ct-icon\" class=\"ct-icon\">\n                    <a href=\"\" target=\"\"><i class=\"fa fa-facebook text-gradient\"><\/i><\/a>\n                    <a href=\"\" target=\"\"><i class=\"fa fa-dribbble text-gradient\"><\/i><\/a>\n                    <a href=\"\" target=\"\"><i class=\"fa fa-twitter text-gradient\"><\/i><\/a>\n                    <a href=\"\" target=\"\"><i class=\"fa fa-google-plus text-gradient\"><\/i><\/a>\n            <\/div>\n<\/div><\/div><\/div><\/div><\/div><\/div><\/div><\/div>\n<\/div>","protected":false},"excerpt":{"rendered":"Luiza B\u00eersan Avocat Luiza B\u00eersan\u00a0este avocat \u00een cadrul\u00a0CR\u00c2ZNIC \u0218I ASOCIA\u021aII\u00a0\u2013 Societate Civil\u0103 de Avoca\u021bi, din octombrie 2024. \u00a0Este absolvent\u0103 a Facult\u0103\u021bii de Drept din cadrul Universit\u0103\u021bii din Bucure\u0219ti \u0219i \u0219i-a completat preg\u0103tirea cu stagiile de practic\u0103 efectuate \u00een timpul anilor de studiu. Luiza\u00a0a fost office manager al societ\u0103\u021bii din februarie 2023, timp de 2 ani. [...]","protected":false},"author":4,"featured_media":0,"parent":2031,"menu_order":6,"comment_status":"closed","ping_status":"closed","template":"","meta":{"footnotes":""},"class_list":["post-2669","page","type-page","status-publish","hentry"],"yoast_head":"<!-- This site is optimized with the Yoast SEO plugin v27.5 - https:\/\/yoast.com\/product\/yoast-seo-wordpress\/ -->\n<title>Luiza B\u00eersan - Craznic<\/title>\n<meta name=\"description\" content=\"Luiza B\u00eersan este avocat \u00een cadrul CR\u00c2ZNIC \u0218I ASOCIA\u021aII \u2013 Societate Civil\u0103 de Avoca\u021bi, din octombrie 2024.Este absolvent\u0103 a Facult\u0103\u021bii de Drept din cadrul Universit\u0103\u021bii din Bucure\u0219ti \u0219i \u0219i-a completat preg\u0103tirea cu stagiile de practic\u0103 efectuate \u00een timpul anilor de studiu.Luiza a fost office manager al societ\u0103\u021bii din februarie 2023, timp de 2 ani. Calit\u0103\u021bile organizatorice de care a dat dovad\u0103 \u0219i cuno\u0219tin\u021bele dob\u00e2ndite constituie o baz\u0103 excelent\u0103 \u0219i premisele pentru o carier\u0103 de succes \u00een avocatur\u0103.\" \/>\n<meta name=\"robots\" content=\"index, follow, max-snippet:-1, max-image-preview:large, max-video-preview:-1\" \/>\n<link rel=\"canonical\" href=\"https:\/\/craznic.ro\/en\/echipa\/luiza-birsan\/\" \/>\n<meta property=\"og:locale\" content=\"en_US\" \/>\n<meta property=\"og:type\" content=\"article\" \/>\n<meta property=\"og:title\" content=\"Luiza B\u00eersan - Craznic\" \/>\n<meta property=\"og:description\" content=\"Luiza B\u00eersan este avocat \u00een cadrul CR\u00c2ZNIC \u0218I ASOCIA\u021aII \u2013 Societate Civil\u0103 de Avoca\u021bi, din octombrie 2024.Este absolvent\u0103 a Facult\u0103\u021bii de Drept din cadrul Universit\u0103\u021bii din Bucure\u0219ti \u0219i \u0219i-a completat preg\u0103tirea cu stagiile de practic\u0103 efectuate \u00een timpul anilor de studiu.Luiza a fost office manager al societ\u0103\u021bii din februarie 2023, timp de 2 ani. Calit\u0103\u021bile organizatorice de care a dat dovad\u0103 \u0219i cuno\u0219tin\u021bele dob\u00e2ndite constituie o baz\u0103 excelent\u0103 \u0219i premisele pentru o carier\u0103 de succes \u00een avocatur\u0103.\" \/>\n<meta property=\"og:url\" content=\"https:\/\/craznic.ro\/en\/echipa\/luiza-birsan\/\" \/>\n<meta property=\"og:site_name\" content=\"Craznic\" \/>\n<meta property=\"article:modified_time\" content=\"2024-10-20T18:11:15+00:00\" \/>\n<meta name=\"twitter:card\" content=\"summary_large_image\" \/>\n<meta name=\"twitter:label1\" content=\"Est. reading time\" \/>\n\t<meta name=\"twitter:data1\" content=\"1 minute\" \/>\n<script type=\"application\/ld+json\" class=\"yoast-schema-graph\">{\"@context\":\"https:\\\/\\\/schema.org\",\"@graph\":[{\"@type\":\"WebPage\",\"@id\":\"https:\\\/\\\/craznic.ro\\\/echipa\\\/luiza-birsan\\\/\",\"url\":\"https:\\\/\\\/craznic.ro\\\/echipa\\\/luiza-birsan\\\/\",\"name\":\"Luiza B\u00eersan - Craznic\",\"isPartOf\":{\"@id\":\"https:\\\/\\\/craznic.ro\\\/#website\"},\"datePublished\":\"2023-01-24T17:18:11+00:00\",\"dateModified\":\"2024-10-20T18:11:15+00:00\",\"description\":\"Luiza B\u00eersan este avocat \u00een cadrul CR\u00c2ZNIC \u0218I ASOCIA\u021aII \u2013 Societate Civil\u0103 de Avoca\u021bi, din octombrie 2024.Este absolvent\u0103 a Facult\u0103\u021bii de Drept din cadrul Universit\u0103\u021bii din Bucure\u0219ti \u0219i \u0219i-a completat preg\u0103tirea cu stagiile de practic\u0103 efectuate \u00een timpul anilor de studiu.Luiza a fost office manager al societ\u0103\u021bii din februarie 2023, timp de 2 ani. Calit\u0103\u021bile organizatorice de care a dat dovad\u0103 \u0219i cuno\u0219tin\u021bele dob\u00e2ndite constituie o baz\u0103 excelent\u0103 \u0219i premisele pentru o carier\u0103 de succes \u00een avocatur\u0103.\",\"breadcrumb\":{\"@id\":\"https:\\\/\\\/craznic.ro\\\/echipa\\\/luiza-birsan\\\/#breadcrumb\"},\"inLanguage\":\"en-US\",\"potentialAction\":[{\"@type\":\"ReadAction\",\"target\":[\"https:\\\/\\\/craznic.ro\\\/echipa\\\/luiza-birsan\\\/\"]}]},{\"@type\":\"BreadcrumbList\",\"@id\":\"https:\\\/\\\/craznic.ro\\\/echipa\\\/luiza-birsan\\\/#breadcrumb\",\"itemListElement\":[{\"@type\":\"ListItem\",\"position\":1,\"name\":\"Home\",\"item\":\"https:\\\/\\\/craznic.ro\\\/\"},{\"@type\":\"ListItem\",\"position\":2,\"name\":\"Echipa\",\"item\":\"https:\\\/\\\/craznic.ro\\\/echipa\\\/\"},{\"@type\":\"ListItem\",\"position\":3,\"name\":\"Luiza B\u00eersan\"}]},{\"@type\":\"WebSite\",\"@id\":\"https:\\\/\\\/craznic.ro\\\/#website\",\"url\":\"https:\\\/\\\/craznic.ro\\\/\",\"name\":\"SCPA Cr\u00e2znic \u0219i Asocia\u021bii\",\"description\":\"Loialitate \u0219i Profesionalism\",\"potentialAction\":[{\"@type\":\"SearchAction\",\"target\":{\"@type\":\"EntryPoint\",\"urlTemplate\":\"https:\\\/\\\/craznic.ro\\\/?s={search_term_string}\"},\"query-input\":{\"@type\":\"PropertyValueSpecification\",\"valueRequired\":true,\"valueName\":\"search_term_string\"}}],\"inLanguage\":\"en-US\"}]}<\/script>\n<!-- \/ Yoast SEO plugin. -->","yoast_head_json":{"title":"Luiza B\u00eersan - Craznic","description":"Luiza B\u00eersan este avocat \u00een cadrul CR\u00c2ZNIC \u0218I ASOCIA\u021aII \u2013 Societate Civil\u0103 de Avoca\u021bi, din octombrie 2024.Este absolvent\u0103 a Facult\u0103\u021bii de Drept din cadrul Universit\u0103\u021bii din Bucure\u0219ti \u0219i \u0219i-a completat preg\u0103tirea cu stagiile de practic\u0103 efectuate \u00een timpul anilor de studiu.Luiza a fost office manager al societ\u0103\u021bii din februarie 2023, timp de 2 ani. Calit\u0103\u021bile organizatorice de care a dat dovad\u0103 \u0219i cuno\u0219tin\u021bele dob\u00e2ndite constituie o baz\u0103 excelent\u0103 \u0219i premisele pentru o carier\u0103 de succes \u00een avocatur\u0103.","robots":{"index":"index","follow":"follow","max-snippet":"max-snippet:-1","max-image-preview":"max-image-preview:large","max-video-preview":"max-video-preview:-1"},"canonical":"https:\/\/craznic.ro\/en\/echipa\/luiza-birsan\/","og_locale":"en_US","og_type":"article","og_title":"Luiza B\u00eersan - Craznic","og_description":"Luiza B\u00eersan este avocat \u00een cadrul CR\u00c2ZNIC \u0218I ASOCIA\u021aII \u2013 Societate Civil\u0103 de Avoca\u021bi, din octombrie 2024.Este absolvent\u0103 a Facult\u0103\u021bii de Drept din cadrul Universit\u0103\u021bii din Bucure\u0219ti \u0219i \u0219i-a completat preg\u0103tirea cu stagiile de practic\u0103 efectuate \u00een timpul anilor de studiu.Luiza a fost office manager al societ\u0103\u021bii din februarie 2023, timp de 2 ani. Calit\u0103\u021bile organizatorice de care a dat dovad\u0103 \u0219i cuno\u0219tin\u021bele dob\u00e2ndite constituie o baz\u0103 excelent\u0103 \u0219i premisele pentru o carier\u0103 de succes \u00een avocatur\u0103.","og_url":"https:\/\/craznic.ro\/en\/echipa\/luiza-birsan\/","og_site_name":"Craznic","article_modified_time":"2024-10-20T18:11:15+00:00","twitter_card":"summary_large_image","twitter_misc":{"Est. reading time":"1 minute"},"schema":{"@context":"https:\/\/schema.org","@graph":[{"@type":"WebPage","@id":"https:\/\/craznic.ro\/echipa\/luiza-birsan\/","url":"https:\/\/craznic.ro\/echipa\/luiza-birsan\/","name":"Luiza B\u00eersan - Craznic","isPartOf":{"@id":"https:\/\/craznic.ro\/#website"},"datePublished":"2023-01-24T17:18:11+00:00","dateModified":"2024-10-20T18:11:15+00:00","description":"Luiza B\u00eersan este avocat \u00een cadrul CR\u00c2ZNIC \u0218I ASOCIA\u021aII \u2013 Societate Civil\u0103 de Avoca\u021bi, din octombrie 2024.Este absolvent\u0103 a Facult\u0103\u021bii de Drept din cadrul Universit\u0103\u021bii din Bucure\u0219ti \u0219i \u0219i-a completat preg\u0103tirea cu stagiile de practic\u0103 efectuate \u00een timpul anilor de studiu.Luiza a fost office manager al societ\u0103\u021bii din februarie 2023, timp de 2 ani. Calit\u0103\u021bile organizatorice de care a dat dovad\u0103 \u0219i cuno\u0219tin\u021bele dob\u00e2ndite constituie o baz\u0103 excelent\u0103 \u0219i premisele pentru o carier\u0103 de succes \u00een avocatur\u0103.","breadcrumb":{"@id":"https:\/\/craznic.ro\/echipa\/luiza-birsan\/#breadcrumb"},"inLanguage":"en-US","potentialAction":[{"@type":"ReadAction","target":["https:\/\/craznic.ro\/echipa\/luiza-birsan\/"]}]},{"@type":"BreadcrumbList","@id":"https:\/\/craznic.ro\/echipa\/luiza-birsan\/#breadcrumb","itemListElement":[{"@type":"ListItem","position":1,"name":"Home","item":"https:\/\/craznic.ro\/"},{"@type":"ListItem","position":2,"name":"Echipa","item":"https:\/\/craznic.ro\/echipa\/"},{"@type":"ListItem","position":3,"name":"Luiza B\u00eersan"}]},{"@type":"WebSite","@id":"https:\/\/craznic.ro\/#website","url":"https:\/\/craznic.ro\/","name":"Cr\u00e2znic &amp; Associates - Attorneys at Law","description":"Loialitate \u0219i Profesionalism","potentialAction":[{"@type":"SearchAction","target":{"@type":"EntryPoint","urlTemplate":"https:\/\/craznic.ro\/?s={search_term_string}"},"query-input":{"@type":"PropertyValueSpecification","valueRequired":true,"valueName":"search_term_string"}}],"inLanguage":"en-US"}]}},"_links":{"self":[{"href":"https:\/\/craznic.ro\/en\/wp-json\/wp\/v2\/pages\/2669","targetHints":{"allow":["GET"]}}],"collection":[{"href":"https:\/\/craznic.ro\/en\/wp-json\/wp\/v2\/pages"}],"about":[{"href":"https:\/\/craznic.ro\/en\/wp-json\/wp\/v2\/types\/page"}],"author":[{"embeddable":true,"href":"https:\/\/craznic.ro\/en\/wp-json\/wp\/v2\/users\/4"}],"replies":[{"embeddable":true,"href":"https:\/\/craznic.ro\/en\/wp-json\/wp\/v2\/comments?post=2669"}],"version-history":[{"count":0,"href":"https:\/\/craznic.ro\/en\/wp-json\/wp\/v2\/pages\/2669\/revisions"}],"up":[{"embeddable":true,"href":"https:\/\/craznic.ro\/en\/wp-json\/wp\/v2\/pages\/2031"}],"wp:attachment":[{"href":"https:\/\/craznic.ro\/en\/wp-json\/wp\/v2\/media?parent=2669"}],"curies":[{"name":"wp","href":"https:\/\/api.w.org\/{rel}","templated":true}]}}