{"id":3,"date":"2021-07-27T17:35:50","date_gmt":"2021-07-27T17:35:50","guid":{"rendered":"https:\/\/craznic.ro\/?page_id=3"},"modified":"2021-08-27T09:20:29","modified_gmt":"2021-08-27T09:20:29","slug":"politica-de-confidentialitate-si-protectia-datelor","status":"publish","type":"page","link":"https:\/\/craznic.ro\/en\/politica-de-confidentialitate-si-protectia-datelor\/","title":{"rendered":"Confidentiality Policy &amp; GDPR"},"content":{"rendered":"<h2>Introducere<\/h2>\n<p style=\"text-align: justify;\">Societatea Civil\u0103 Profesional\u0103 de Avoca\u021bi Cr\u00e2znic \u0219i Asocia\u021bii (Cr\u00e2znic) ia foarte \u00een serios siguran\u021ba \u0219i responsabilit\u0103\u021bile noastre legale cu privire la datele dumneavoastr\u0103 cu caracter personal. Aceast\u0103 politic\u0103 de confiden\u021bialitate stabile\u0219te datele personale pe care le colect\u0103m de la dumneavoastr\u0103 prin interac\u021biunea cu noi, modul \u00een care o proces\u0103m \u0219i oferim informa\u021bii despre drepturile dumneavoastr\u0103 \u00een ceea ce prive\u0219te prelucrarea datelor cu caracter personal.<\/p>\n<p>&nbsp;<\/p>\n<h2>Operator de date cu caracter personal<\/h2>\n<p style=\"text-align: justify;\">Societatea Civil\u0103 Profesional\u0103 de Avoca\u021bi Cr\u00e2znic \u0219i Asocia\u021bii se axeaz\u0103 \u00een principal pe asistarea \u0219i reprezentarea clien\u021bilor, at\u00e2t persoane fizice, c\u00e2t \u0219i companii, \u00een probleme de drept penal, litigii civile \u0219i comerciale, dreptul familiei. Detaliile noastre de identificare sunt:<\/p>\n<ul>\n<li><strong>Adres\u0103:\u00a0<\/strong>Bulevardul Unirii nr. 35, Sector 3, Cod po\u0219tal 030822, Bucure\u0219ti, Rom\u00e2nia<\/li>\n<li><strong>Email:\u00a0<\/strong><a href=\"mailto:office@craznic.ro\">office@craznic.ro<\/a><\/li>\n<li><strong>Telefon:\u00a0<\/strong><a href=\"tel:+40318081755\">+40.318.081.755<\/a><\/li>\n<li><strong>Fax:\u00a0<\/strong>+40.318.081.755<\/li>\n<\/ul>\n<p>&nbsp;<\/p>\n<h2>Persoane vizate<\/h2>\n<p style=\"text-align: justify;\">Ca parte a serviciilor noastre, putem colecta \u0219i procesa date personale referitoare la:<\/p>\n<ul>\n<li style=\"text-align: justify;\">clien\u021bii, furnizorii, contactele de afaceri \u0219i poten\u021bialii clien\u021bi (\u0219i \/ sau de la persoanele asociate cu acestea);<\/li>\n<li style=\"text-align: justify;\">persoanele ale c\u0103ror date personale le ob\u021binem \u00een leg\u0103tur\u0103 cu furnizarea de servicii profesionale clien\u021bilor no\u0219tri (de exemplu, angaja\u021bii clien\u021bilor no\u0219tri, clien\u021bii \u0219i furnizorii, membrii familiei clien\u021bilor \u0219i angaja\u021bilor, persoanele de contact ale autorit\u0103\u021bilor statului, al\u021bi consultan\u021bi ai persoanei vizate);<\/li>\n<li style=\"text-align: justify;\">angaja\u021bii \u0219i poten\u021bialii candida\u021bi la posturile noastre disponibile;<\/li>\n<li style=\"text-align: justify;\">vizitatorii site-ului nostru web \u0219i social media.<\/li>\n<\/ul>\n<p>&nbsp;<\/p>\n<h2>Ce date cu caracter personal proces\u0103m<\/h2>\n<p style=\"text-align: justify;\">\u00cen func\u021bie de natura serviciilor pe care le furniz\u0103m, de obliga\u021biile legale la care suntem supu\u0219i, de interesele noastre legitime sau de acordul specific pe care ni-l acorda\u021bi, putem colecta sau ob\u021bine urm\u0103toarele categorii de date cu caracter personal:<\/p>\n<ul style=\"text-align: justify;\">\n<li>numele, v\u00e2rsta, data na\u0219terii, sexul, limba;<\/li>\n<li>datele dumneavoastr\u0103 de contact (de exemplu, adresa, numele, func\u021bia, telefonul, e-mailul \u0219i alte detalii de contact);<\/li>\n<li>domeniul de activitate;<\/li>\n<li>starea marital\u0103 \u0219i informa\u021bii familiale;<\/li>\n<li>detalii privind vechimea \u00een munc\u0103 \u0219i educa\u021bia (de exemplu, organiza\u021bia pentru care lucra\u021bi sau a\u021bi lucrat, titlul postului \u0219i detaliile educa\u021biei);<\/li>\n<li>identificatori na\u021bionali (de exemplu, CNP, num\u0103rul de asigurare na\u021bional, num\u0103rul pa\u0219aportului, cartea de identitate);<\/li>\n<li>salarizare, venit, impozit, bonitate \u0219i alte informa\u021bii financiare;<\/li>\n<li>post\u0103ri pe aplica\u021biile sociale pe care le folosim (Facebook, LinkedIn, bloguri, forumuri etc.);<\/li>\n<li>nivelul educa\u021bional.<\/li>\n<\/ul>\n<p style=\"text-align: justify;\">Pentru anumite servicii sau activit\u0103\u021bi, \u0219i atunci c\u00e2nd acest lucru este impus de lege sau se bazeaz\u0103 pe acordul explicit al persoanei vizate, putem colecta, de asemenea, categorii speciale de date cu caracter personal. Categoriile speciale includ rasa sau originea etnic\u0103, opiniile politice, credin\u021bele religioase sau filosofice, apartenen\u021ba la sindicate, date de natur\u0103 fizic\u0103 sau psihic\u0103, date genetice, date biometrice, date privind via\u021ba sexual\u0103 sau orientarea sexual\u0103 \u0219i respectiv cazierul judiciar.<\/p>\n<p>&nbsp;<\/p>\n<h2>Cum colect\u0103m datele cu caracter personal<\/h2>\n<p style=\"text-align: justify;\">Este posibil s\u0103 colect\u0103m sau s\u0103 ob\u021binem date cu caracter personal pentru c\u0103 ni le furniza\u021bi direct sau pentru c\u0103 alte p\u0103r\u021bi ne ofer\u0103 aceste date (de exemplu clien\u021bii no\u0219tri ne pot furniza date despre angaja\u021bii lor, despre clien\u021bii lor \u0219i despre alte persoane vizate ale c\u0103ror date personale le colecteaz\u0103, al\u021bi consultan\u021bi ai persoanei vizate, agen\u021bii ale autorit\u0103\u021bilor sau furnizori de servicii ter\u021be pe care \u00eei folosim pentru a ne ajuta s\u0103 ne desf\u0103\u0219ur\u0103m activitatea;), prin intermediul site-urilor web \u0219i a instrumentelor media sociale sau prin faptul c\u0103 sunt disponibile publicului.<\/p>\n<p>&nbsp;<\/p>\n<h2>Cum folosim datele cu caracter personal<\/h2>\n<p style=\"text-align: justify;\">Folosim datele personale pentru urm\u0103toarele scopuri:<\/p>\n<ul>\n<li style=\"text-align: justify;\">Intrarea \u0219i continuarea unei rela\u021bii contractuale;<\/li>\n<li style=\"text-align: justify;\">Furnizarea de servicii profesionale clien\u021bilor (poten\u021biali);<\/li>\n<li style=\"text-align: justify;\">Gestionarea \u0219i dezvoltarea afacerilor \u0219i serviciilor noastre;<\/li>\n<li style=\"text-align: justify;\">Recrutarea \u0219i administrarea personalului;<\/li>\n<li style=\"text-align: justify;\">Managementul calit\u0103\u021bii \u0219i al riscului \u00een timpul furniz\u0103rii serviciilor noastre;<\/li>\n<li style=\"text-align: justify;\">Respectarea oric\u0103rei cerin\u021be legale;<\/li>\n<li style=\"text-align: justify;\">Protejarea drepturilor noastre \u0219i ale clien\u021bilor no\u0219tri.<\/li>\n<\/ul>\n<p>&nbsp;<\/p>\n<h2>Dezv\u0103luirea datelor cu caracter personal<\/h2>\n<p style=\"text-align: justify;\">Din c\u00e2nd \u00een c\u00e2nd, putem transfera sau divulga datele dumneavoastr\u0103 cu caracter personal unor ter\u021be p\u0103r\u021bi pentru oricare dintre scopurile enumerate mai sus, inclusiv autorit\u0103\u021bilor statului sau agen\u021bii profesionale \u0219i ter\u021bilor care presteaz\u0103 servicii \u00een numele nostru, cum ar fi furnizorii de servicii de g\u0103zduire web, furnizorii de servicii IT, furnizorii de pl\u0103\u021bi etc.<\/p>\n<p style=\"text-align: justify;\">De asemenea, putem divulga datele dumneavoastr\u0103 cu caracter personal ter\u021bilor \u00een cazul \u00een care suntem obliga\u021bi s\u0103 facem acest lucru prin lege, de organismele de reglementare sau \u00een scopul sau \u00een leg\u0103tur\u0103 cu orice procedur\u0103 juridic\u0103 sau \u00een alt mod \u00een scopul stabilirii, exercit\u0103rii sau ap\u0103r\u0103rii drepturilor.<\/p>\n<p style=\"text-align: justify;\">Datorit\u0103 naturii globale a opera\u021biunilor noastre, putem transfera datele dvs. personale \u00een afara Spa\u021biului Economic European (SEE) \u021b\u0103rilor ale c\u0103ror legi privind protec\u021bia datelor nu pot fi la fel de numeroase ca \u0219i cele din UE.<\/p>\n<p style=\"text-align: justify;\">Nu vindem sau \u00eenchiriem datele dumneavoastr\u0103 cu caracter personal \u00een vreun scop.<\/p>\n<p>&nbsp;<\/p>\n<h2>Drepturile dumneavoastr\u0103 ca persoan\u0103 vizat\u0103<\/h2>\n<p style=\"text-align: justify;\">\u00cen calitate de persoan\u0103 vizat\u0103 \u00een rela\u021bia cu noi \u00een calitate de operator de date cu caracter personal, \u00een func\u021bie de temeiul legal pe baza c\u0103ruia proces\u0103m datele dumneavoastr\u0103, ave\u021bi urm\u0103toarele drepturi:<\/p>\n<ul style=\"text-align: justify;\">\n<li>Corectarea oric\u0103ror date cu caracter personal care sunt inexacte;<\/li>\n<li>Retragerea consim\u021b\u0103m\u00e2ntului pentru prelucrare (unde este cazul);<\/li>\n<li>Restric\u021bionarea prelucr\u0103rii datelor dumneavoastr\u0103 cu caracter personal;<\/li>\n<li>Opozi\u021bie privind prelucrare datelor dumneavoastr\u0103 cu caracter personal;<\/li>\n<li>Solicitarea \u0219tergerii datelor dumneavoastr\u0103 cu caracter personal;<\/li>\n<li>Solicitarea unei copii a datelor dumneavoastr\u0103 cu caracter personal (portabilitatea datelor).<\/li>\n<\/ul>\n<p style=\"text-align: justify;\">Pentru a v\u0103 exercita oricare dintre drepturile dumneavoastr\u0103, v\u0103 rug\u0103m s\u0103 ne contacta\u021bi la\u00a0<a href=\"mailto:office@craznic.ro\">office@craznic.ro<\/a>.<\/p>\n<p style=\"text-align: justify;\">Dac\u0103 primim o solicitare de la dumneavoastr\u0103 pentru a exercita drepturile persoanelor vizate \u0219i ac\u021bion\u0103m \u00een calitate de persoan\u0103 \u00eemputernicit\u0103 \u00een cadrul rela\u021biei noastre cu clientul nostru, v\u0103 vom redirec\u021biona \u00een mod corespunz\u0103tor astfel \u00eenc\u00e2t s\u0103 adresa\u021bi cererile dumneavoastr\u0103 clien\u021bilor no\u0219tri.<\/p>\n<p>&nbsp;<\/p>\n<h2>Reclama\u021bii<\/h2>\n<p style=\"text-align: justify;\">Dac\u0103 ave\u021bi \u00eentreb\u0103ri sau reclama\u021bii legate de aceast\u0103 declara\u021bie de confiden\u021bialitate sau de modul \u00een care colect\u0103m \u0219i proces\u0103m datele dumneavoastr\u0103 cu caracter personal, v\u0103 rug\u0103m s\u0103 ne contacta\u021bi la urm\u0103toarele canale:<\/p>\n<ul>\n<li><strong>Adres\u0103:\u00a0<\/strong>Bulevardul Unirii nr. 35, Sector 3, Cod po\u0219tal 030822, Bucure\u0219ti, Rom\u00e2nia<\/li>\n<li><strong>Email:\u00a0<\/strong><a href=\"mailto:office@craznic.ro\">office@craznic.ro<\/a><\/li>\n<li><strong>Telefon:\u00a0<\/strong><a href=\"tel:+40318081755\">+40.318.081.755<\/a><\/li>\n<li><strong>Fax:\u00a0<\/strong>+40.318.081.755<\/li>\n<\/ul>\n<p style=\"text-align: justify;\">\u00cen cazul \u00een care sunte\u021bi nemul\u021bumit de felul \u00een care am tratat datele dumneavoastr\u0103 cu caracter personal \u0219i nu putem rezolva solicit\u0103rile dumneavoastr\u0103, v\u0103 pute\u021bi adresa direct Autoritatea Na\u021bional\u0103 de Supraveghere a Prelucr\u0103rii Datelor cu Caracter Personal (Autoritatea Rom\u00e2n\u0103 pentru Protec\u021bia Datelor):<\/p>\n<ul>\n<li><strong>Adres\u0103:\u00a0<\/strong>Bld. G-ral Gheorghe Magheru nr. 8-30. Sector 1, Cod po\u0219tal 010336, Bucure\u0219ti, Rom\u00e2nia<\/li>\n<li><strong>Email:\u00a0<\/strong><a href=\"mailto:anspdcp@dataprotection.ro\">anspdcp@dataprotection.ro<\/a><\/li>\n<li><strong>Telefon:\u00a0<\/strong><a href=\"tel:+40318059211\">+40.318.059.211<\/a><\/li>\n<li><strong>Fax:\u00a0<\/strong>+40.318.059.602<\/li>\n<\/ul>\n<p>&nbsp;<\/p>\n<h2>Durata proces\u0103rii datelor cu caracter personal<\/h2>\n<p style=\"text-align: justify;\">P\u0103str\u0103m datele dumneavoastr\u0103 cu caracter personal \u00een sistemele noastre at\u00e2ta timp c\u00e2t este necesar pentru scopul pentru care au fost colectate sau orice perioad\u0103 de p\u0103strare care este cerut\u0103 de lege sau p\u00e2n\u0103 la sf\u00e2r\u0219itul perioadei de r\u0103spundere \u00een care ar putea ap\u0103rea litigii sau investiga\u021bii \u00een ceea ce prive\u0219te serviciile noastre. Dup\u0103 expirarea perioadei de re\u021binere aplicabile, datele personale vor fi \u0219terse sau anonimizate.<\/p>\n<p>&nbsp;<\/p>\n<h2>Securitatea datelor cu caracter personal<\/h2>\n<p style=\"text-align: justify;\">Am implementat controale tehnice \u0219i organiza\u021bionale adecvate pentru a v\u0103 proteja datele cu caracter personal \u00eempotriva pierderii, utiliz\u0103rii incorecte, modific\u0103rii sau distrugerii neinten\u021bionate, cum ar fi utilizarea software-ului de tip antivirusului, software-ului de criptare pe hard disk, protec\u021bia prin parol\u0103, controalele de acces fizic.<\/p>\n<p>&nbsp;<\/p>\n<h2>Cookie-uri<\/h2>\n<p style=\"text-align: justify;\">Utiliz\u0103m cookie-uri pentru a gestiona mai bine site-ul nostru web. Detalii despre cum \u0219i ce cookie-uri folosim sunt prezentate \u00een politica noastr\u0103 privind cookie-urile, care este disponibil\u0103 pentru consultare\u00a0<a href=\"https:\/\/craznic.ro\/en\/politica-cookie-uri\/\" target=\"_blank\" rel=\"noopener\">aici<\/a>.<\/p>","protected":false},"excerpt":{"rendered":"<p>Introducere Societatea Civil\u0103 Profesional\u0103 de Avoca\u021bi Cr\u00e2znic \u0219i Asocia\u021bii (Cr\u00e2znic) ia foarte \u00een serios siguran\u021ba \u0219i responsabilit\u0103\u021bile noastre legale cu privire la datele dumneavoastr\u0103 cu caracter personal. Aceast\u0103 politic\u0103 de confiden\u021bialitate stabile\u0219te datele personale pe care le colect\u0103m de la dumneavoastr\u0103 prin interac\u021biunea cu noi, modul \u00een care o proces\u0103m \u0219i oferim informa\u021bii despre drepturile [&hellip;]<\/p>\n","protected":false},"author":4,"featured_media":0,"parent":0,"menu_order":17,"comment_status":"closed","ping_status":"open","template":"","meta":{"footnotes":""},"class_list":["post-3","page","type-page","status-publish","hentry"],"yoast_head":"<!-- This site is optimized with the Yoast SEO plugin v27.5 - https:\/\/yoast.com\/product\/yoast-seo-wordpress\/ -->\n<title>Politica de Confiden\u021bialitate \u0219i Protec\u021bia Datelor - Craznic<\/title>\n<meta name=\"robots\" content=\"index, follow, max-snippet:-1, max-image-preview:large, max-video-preview:-1\" \/>\n<link rel=\"canonical\" href=\"https:\/\/craznic.ro\/en\/politica-de-confidentialitate-si-protectia-datelor\/\" \/>\n<meta property=\"og:locale\" content=\"en_US\" \/>\n<meta property=\"og:type\" content=\"article\" \/>\n<meta property=\"og:title\" content=\"Politica de Confiden\u021bialitate \u0219i Protec\u021bia Datelor - Craznic\" \/>\n<meta property=\"og:description\" content=\"Introducere Societatea Civil\u0103 Profesional\u0103 de Avoca\u021bi Cr\u00e2znic \u0219i Asocia\u021bii (Cr\u00e2znic) ia foarte \u00een serios siguran\u021ba \u0219i responsabilit\u0103\u021bile noastre legale cu privire la datele dumneavoastr\u0103 cu caracter personal. Aceast\u0103 politic\u0103 de confiden\u021bialitate stabile\u0219te datele personale pe care le colect\u0103m de la dumneavoastr\u0103 prin interac\u021biunea cu noi, modul \u00een care o proces\u0103m \u0219i oferim informa\u021bii despre drepturile [&hellip;]\" \/>\n<meta property=\"og:url\" content=\"https:\/\/craznic.ro\/en\/politica-de-confidentialitate-si-protectia-datelor\/\" \/>\n<meta property=\"og:site_name\" content=\"Craznic\" \/>\n<meta property=\"article:modified_time\" content=\"2021-08-27T09:20:29+00:00\" \/>\n<meta name=\"twitter:card\" content=\"summary_large_image\" \/>\n<meta name=\"twitter:label1\" content=\"Est. reading time\" \/>\n\t<meta name=\"twitter:data1\" content=\"7 minutes\" \/>\n<script type=\"application\/ld+json\" class=\"yoast-schema-graph\">{\"@context\":\"https:\\\/\\\/schema.org\",\"@graph\":[{\"@type\":\"WebPage\",\"@id\":\"https:\\\/\\\/craznic.ro\\\/politica-de-confidentialitate-si-protectia-datelor\\\/\",\"url\":\"https:\\\/\\\/craznic.ro\\\/politica-de-confidentialitate-si-protectia-datelor\\\/\",\"name\":\"Politica de Confiden\u021bialitate \u0219i Protec\u021bia Datelor - Craznic\",\"isPartOf\":{\"@id\":\"https:\\\/\\\/craznic.ro\\\/#website\"},\"datePublished\":\"2021-07-27T17:35:50+00:00\",\"dateModified\":\"2021-08-27T09:20:29+00:00\",\"breadcrumb\":{\"@id\":\"https:\\\/\\\/craznic.ro\\\/politica-de-confidentialitate-si-protectia-datelor\\\/#breadcrumb\"},\"inLanguage\":\"en-US\",\"potentialAction\":[{\"@type\":\"ReadAction\",\"target\":[\"https:\\\/\\\/craznic.ro\\\/politica-de-confidentialitate-si-protectia-datelor\\\/\"]}]},{\"@type\":\"BreadcrumbList\",\"@id\":\"https:\\\/\\\/craznic.ro\\\/politica-de-confidentialitate-si-protectia-datelor\\\/#breadcrumb\",\"itemListElement\":[{\"@type\":\"ListItem\",\"position\":1,\"name\":\"Home\",\"item\":\"https:\\\/\\\/craznic.ro\\\/\"},{\"@type\":\"ListItem\",\"position\":2,\"name\":\"Politica de Confiden\u021bialitate \u0219i Protec\u021bia Datelor\"}]},{\"@type\":\"WebSite\",\"@id\":\"https:\\\/\\\/craznic.ro\\\/#website\",\"url\":\"https:\\\/\\\/craznic.ro\\\/\",\"name\":\"SCPA Cr\u00e2znic \u0219i Asocia\u021bii\",\"description\":\"Loialitate \u0219i Profesionalism\",\"potentialAction\":[{\"@type\":\"SearchAction\",\"target\":{\"@type\":\"EntryPoint\",\"urlTemplate\":\"https:\\\/\\\/craznic.ro\\\/?s={search_term_string}\"},\"query-input\":{\"@type\":\"PropertyValueSpecification\",\"valueRequired\":true,\"valueName\":\"search_term_string\"}}],\"inLanguage\":\"en-US\"}]}<\/script>\n<!-- \/ Yoast SEO plugin. -->","yoast_head_json":{"title":"Politica de Confiden\u021bialitate \u0219i Protec\u021bia Datelor - Craznic","robots":{"index":"index","follow":"follow","max-snippet":"max-snippet:-1","max-image-preview":"max-image-preview:large","max-video-preview":"max-video-preview:-1"},"canonical":"https:\/\/craznic.ro\/en\/politica-de-confidentialitate-si-protectia-datelor\/","og_locale":"en_US","og_type":"article","og_title":"Politica de Confiden\u021bialitate \u0219i Protec\u021bia Datelor - Craznic","og_description":"Introducere Societatea Civil\u0103 Profesional\u0103 de Avoca\u021bi Cr\u00e2znic \u0219i Asocia\u021bii (Cr\u00e2znic) ia foarte \u00een serios siguran\u021ba \u0219i responsabilit\u0103\u021bile noastre legale cu privire la datele dumneavoastr\u0103 cu caracter personal. Aceast\u0103 politic\u0103 de confiden\u021bialitate stabile\u0219te datele personale pe care le colect\u0103m de la dumneavoastr\u0103 prin interac\u021biunea cu noi, modul \u00een care o proces\u0103m \u0219i oferim informa\u021bii despre drepturile [&hellip;]","og_url":"https:\/\/craznic.ro\/en\/politica-de-confidentialitate-si-protectia-datelor\/","og_site_name":"Craznic","article_modified_time":"2021-08-27T09:20:29+00:00","twitter_card":"summary_large_image","twitter_misc":{"Est. reading time":"7 minutes"},"schema":{"@context":"https:\/\/schema.org","@graph":[{"@type":"WebPage","@id":"https:\/\/craznic.ro\/politica-de-confidentialitate-si-protectia-datelor\/","url":"https:\/\/craznic.ro\/politica-de-confidentialitate-si-protectia-datelor\/","name":"Politica de Confiden\u021bialitate \u0219i Protec\u021bia Datelor - Craznic","isPartOf":{"@id":"https:\/\/craznic.ro\/#website"},"datePublished":"2021-07-27T17:35:50+00:00","dateModified":"2021-08-27T09:20:29+00:00","breadcrumb":{"@id":"https:\/\/craznic.ro\/politica-de-confidentialitate-si-protectia-datelor\/#breadcrumb"},"inLanguage":"en-US","potentialAction":[{"@type":"ReadAction","target":["https:\/\/craznic.ro\/politica-de-confidentialitate-si-protectia-datelor\/"]}]},{"@type":"BreadcrumbList","@id":"https:\/\/craznic.ro\/politica-de-confidentialitate-si-protectia-datelor\/#breadcrumb","itemListElement":[{"@type":"ListItem","position":1,"name":"Home","item":"https:\/\/craznic.ro\/"},{"@type":"ListItem","position":2,"name":"Politica de Confiden\u021bialitate \u0219i Protec\u021bia Datelor"}]},{"@type":"WebSite","@id":"https:\/\/craznic.ro\/#website","url":"https:\/\/craznic.ro\/","name":"Cr\u00e2znic &amp; Associates - Attorneys at Law","description":"Loialitate \u0219i Profesionalism","potentialAction":[{"@type":"SearchAction","target":{"@type":"EntryPoint","urlTemplate":"https:\/\/craznic.ro\/?s={search_term_string}"},"query-input":{"@type":"PropertyValueSpecification","valueRequired":true,"valueName":"search_term_string"}}],"inLanguage":"en-US"}]}},"_links":{"self":[{"href":"https:\/\/craznic.ro\/en\/wp-json\/wp\/v2\/pages\/3","targetHints":{"allow":["GET"]}}],"collection":[{"href":"https:\/\/craznic.ro\/en\/wp-json\/wp\/v2\/pages"}],"about":[{"href":"https:\/\/craznic.ro\/en\/wp-json\/wp\/v2\/types\/page"}],"author":[{"embeddable":true,"href":"https:\/\/craznic.ro\/en\/wp-json\/wp\/v2\/users\/4"}],"replies":[{"embeddable":true,"href":"https:\/\/craznic.ro\/en\/wp-json\/wp\/v2\/comments?post=3"}],"version-history":[{"count":0,"href":"https:\/\/craznic.ro\/en\/wp-json\/wp\/v2\/pages\/3\/revisions"}],"wp:attachment":[{"href":"https:\/\/craznic.ro\/en\/wp-json\/wp\/v2\/media?parent=3"}],"curies":[{"name":"wp","href":"https:\/\/api.w.org\/{rel}","templated":true}]}}